{"id":138,"date":"2026-01-30T22:04:10","date_gmt":"2026-01-30T22:04:10","guid":{"rendered":"https:\/\/treearch.com\/?page_id=138"},"modified":"2026-03-12T16:41:10","modified_gmt":"2026-03-12T16:41:10","slug":"diseno-arquitectonico-y-anteproyectos-el-salvador","status":"publish","type":"page","link":"https:\/\/treearch.com\/en\/diseno-arquitectonico-y-anteproyectos-el-salvador\/","title":{"rendered":"Architectural Design and Schematic Design"},"content":{"rendered":"<div data-elementor-type=\"wp-page\" data-elementor-id=\"138\" class=\"elementor elementor-138\" data-elementor-post-type=\"page\">\n\t\t\t\t<div class=\"elementor-element elementor-element-4f3522a3 e-flex e-con-boxed e-con e-parent\" data-id=\"4f3522a3\" data-element_type=\"container\" data-e-type=\"container\" data-settings=\"{&quot;background_background&quot;:&quot;classic&quot;}\">\n\t\t\t\t\t<div class=\"e-con-inner\">\n\t\t<div class=\"elementor-element elementor-element-710b1168 e-con-full e-flex e-con e-child\" data-id=\"710b1168\" data-element_type=\"container\" data-e-type=\"container\">\n\t\t<div class=\"elementor-element elementor-element-49bdf562 e-flex e-con-boxed e-con e-child\" data-id=\"49bdf562\" data-element_type=\"container\" data-e-type=\"container\">\n\t\t\t\t\t<div class=\"e-con-inner\">\n\t\t\t\t<div class=\"elementor-element elementor-element-30da9d04 elementor-widget__width-initial elementor-widget-divider--view-line elementor-widget elementor-widget-divider\" data-id=\"30da9d04\" data-element_type=\"widget\" data-e-type=\"widget\" data-widget_type=\"divider.default\">\n\t\t\t\t\t\t\t<div class=\"elementor-divider\">\n\t\t\t<span class=\"elementor-divider-separator\">\n\t\t\t\t\t\t<\/span>\n\t\t<\/div>\n\t\t\t\t\t\t<\/div>\n\t\t\t\t<div class=\"elementor-element elementor-element-5b64d62f elementor-widget-divider--view-line elementor-widget elementor-widget-divider\" data-id=\"5b64d62f\" data-element_type=\"widget\" data-e-type=\"widget\" data-widget_type=\"divider.default\">\n\t\t\t\t\t\t\t<div class=\"elementor-divider\">\n\t\t\t<span class=\"elementor-divider-separator\">\n\t\t\t\t\t\t<\/span>\n\t\t<\/div>\n\t\t\t\t\t\t<\/div>\n\t\t\t\t\t<\/div>\n\t\t\t\t<\/div>\n\t\t\t\t<div class=\"elementor-element elementor-element-6d7fa70d elementor-widget elementor-widget-heading\" data-id=\"6d7fa70d\" data-element_type=\"widget\" data-e-type=\"widget\" data-widget_type=\"heading.default\">\n\t\t\t\t\t<h2 class=\"elementor-heading-title elementor-size-default\">Our Services <\/h2>\t\t\t\t<\/div>\n\t\t<div class=\"elementor-element elementor-element-53105332 e-flex e-con-boxed e-con e-child\" data-id=\"53105332\" data-element_type=\"container\" data-e-type=\"container\">\n\t\t\t\t\t<div class=\"e-con-inner\">\n\t\t\t\t<div class=\"elementor-element elementor-element-5b60aced elementor-widget__width-initial elementor-widget-divider--view-line elementor-widget elementor-widget-divider\" data-id=\"5b60aced\" data-element_type=\"widget\" data-e-type=\"widget\" data-widget_type=\"divider.default\">\n\t\t\t\t\t\t\t<div class=\"elementor-divider\">\n\t\t\t<span class=\"elementor-divider-separator\">\n\t\t\t\t\t\t<\/span>\n\t\t<\/div>\n\t\t\t\t\t\t<\/div>\n\t\t\t\t<div class=\"elementor-element elementor-element-53c95f72 elementor-widget-divider--view-line elementor-widget elementor-widget-divider\" data-id=\"53c95f72\" data-element_type=\"widget\" data-e-type=\"widget\" data-widget_type=\"divider.default\">\n\t\t\t\t\t\t\t<div class=\"elementor-divider\">\n\t\t\t<span class=\"elementor-divider-separator\">\n\t\t\t\t\t\t<\/span>\n\t\t<\/div>\n\t\t\t\t\t\t<\/div>\n\t\t\t\t\t<\/div>\n\t\t\t\t<\/div>\n\t\t<div class=\"elementor-element elementor-element-421f69a3 e-flex e-con-boxed e-con e-child\" data-id=\"421f69a3\" data-element_type=\"container\" data-e-type=\"container\">\n\t\t\t\t\t<div class=\"e-con-inner\">\n\t\t\t\t<div class=\"elementor-element elementor-element-0d690ab elementor-nav-menu__align-start elementor-nav-menu--dropdown-tablet elementor-nav-menu__text-align-aside elementor-nav-menu--toggle elementor-nav-menu--burger elementor-widget elementor-widget-nav-menu\" data-id=\"0d690ab\" data-element_type=\"widget\" data-e-type=\"widget\" data-settings=\"{&quot;layout&quot;:&quot;vertical&quot;,&quot;submenu_icon&quot;:{&quot;value&quot;:&quot;&lt;svg aria-hidden=\\&quot;true\\&quot; class=\\&quot;e-font-icon-svg e-fas-caret-down\\&quot; viewBox=\\&quot;0 0 320 512\\&quot; xmlns=\\&quot;http:\\\/\\\/www.w3.org\\\/2000\\\/svg\\&quot;&gt;&lt;path d=\\&quot;M31.3 192h257.3c17.8 0 26.7 21.5 14.1 34.1L174.1 354.8c-7.8 7.8-20.5 7.8-28.3 0L17.2 226.1C4.6 213.5 13.5 192 31.3 192z\\&quot;&gt;&lt;\\\/path&gt;&lt;\\\/svg&gt;&quot;,&quot;library&quot;:&quot;fa-solid&quot;},&quot;toggle&quot;:&quot;burger&quot;}\" data-widget_type=\"nav-menu.default\">\n\t\t\t\t\t\t\t\t<nav aria-label=\"Menu\" class=\"elementor-nav-menu--main elementor-nav-menu__container elementor-nav-menu--layout-vertical e--pointer-underline e--animation-fade\">\n\t\t\t\t<ul id=\"menu-1-0d690ab\" class=\"elementor-nav-menu sm-vertical\"><li class=\"menu-item menu-item-type-post_type menu-item-object-page menu-item-847\"><a href=\"https:\/\/treearch.com\/en\/diseno-arquitectonico-y-anteproyectos-el-salvador\/\" class=\"elementor-item\">Architectural Design and Schematic Design<\/a><\/li>\n<li class=\"menu-item menu-item-type-post_type menu-item-object-page menu-item-850\"><a href=\"https:\/\/treearch.com\/en\/servicios-gestion-permisos-tramites\/\" class=\"elementor-item\">Permits and Regulatory Compliance<\/a><\/li>\n<li class=\"menu-item menu-item-type-post_type menu-item-object-page menu-item-849\"><a href=\"https:\/\/treearch.com\/en\/estudios-tecnicos-y-topografia\/\" class=\"elementor-item\">Technical Studies and Topography<\/a><\/li>\n<li class=\"menu-item menu-item-type-post_type menu-item-object-page menu-item-846\"><a href=\"https:\/\/treearch.com\/en\/supervision-de-obras-en-el-salvador\/\" class=\"elementor-item\">Project Direction and Construction Oversight<\/a><\/li>\n<li class=\"menu-item menu-item-type-post_type menu-item-object-page menu-item-848\"><a href=\"https:\/\/treearch.com\/en\/diseno-de-interiores-y-remodelaciones\/\" class=\"elementor-item\">Interior Design and Renovations<\/a><\/li>\n<\/ul>\t\t\t<\/nav>\n\t\t\t\t\t<div class=\"elementor-menu-toggle\" role=\"button\" tabindex=\"0\" aria-label=\"Menu Toggle\" aria-expanded=\"false\">\n\t\t\t<svg aria-hidden=\"true\" role=\"presentation\" class=\"elementor-menu-toggle__icon--open e-font-icon-svg e-eicon-menu-bar\" viewbox=\"0 0 1000 1000\" xmlns=\"http:\/\/www.w3.org\/2000\/svg\"><path d=\"M104 333H896C929 333 958 304 958 271S929 208 896 208H104C71 208 42 237 42 271S71 333 104 333ZM104 583H896C929 583 958 554 958 521S929 458 896 458H104C71 458 42 487 42 521S71 583 104 583ZM104 833H896C929 833 958 804 958 771S929 708 896 708H104C71 708 42 737 42 771S71 833 104 833Z\"><\/path><\/svg><svg aria-hidden=\"true\" role=\"presentation\" class=\"elementor-menu-toggle__icon--close e-font-icon-svg e-eicon-close\" viewbox=\"0 0 1000 1000\" xmlns=\"http:\/\/www.w3.org\/2000\/svg\"><path d=\"M742 167L500 408 258 167C246 154 233 150 217 150 196 150 179 158 167 167 154 179 150 196 150 212 150 229 154 242 171 254L408 500 167 742C138 771 138 800 167 829 196 858 225 858 254 829L496 587 738 829C750 842 767 846 783 846 800 846 817 842 829 829 842 817 846 804 846 783 846 767 842 750 829 737L588 500 833 258C863 229 863 200 833 171 804 137 775 137 742 167Z\"><\/path><\/svg>\t\t<\/div>\n\t\t\t\t\t<nav class=\"elementor-nav-menu--dropdown elementor-nav-menu__container\" aria-hidden=\"true\">\n\t\t\t\t<ul id=\"menu-2-0d690ab\" class=\"elementor-nav-menu sm-vertical\"><li class=\"menu-item menu-item-type-post_type menu-item-object-page menu-item-847\"><a href=\"https:\/\/treearch.com\/en\/diseno-arquitectonico-y-anteproyectos-el-salvador\/\" class=\"elementor-item\" tabindex=\"-1\">Architectural Design and Schematic Design<\/a><\/li>\n<li class=\"menu-item menu-item-type-post_type menu-item-object-page menu-item-850\"><a href=\"https:\/\/treearch.com\/en\/servicios-gestion-permisos-tramites\/\" class=\"elementor-item\" tabindex=\"-1\">Permits and Regulatory Compliance<\/a><\/li>\n<li class=\"menu-item menu-item-type-post_type menu-item-object-page menu-item-849\"><a href=\"https:\/\/treearch.com\/en\/estudios-tecnicos-y-topografia\/\" class=\"elementor-item\" tabindex=\"-1\">Technical Studies and Topography<\/a><\/li>\n<li class=\"menu-item menu-item-type-post_type menu-item-object-page menu-item-846\"><a href=\"https:\/\/treearch.com\/en\/supervision-de-obras-en-el-salvador\/\" class=\"elementor-item\" tabindex=\"-1\">Project Direction and Construction Oversight<\/a><\/li>\n<li class=\"menu-item menu-item-type-post_type menu-item-object-page menu-item-848\"><a href=\"https:\/\/treearch.com\/en\/diseno-de-interiores-y-remodelaciones\/\" class=\"elementor-item\" tabindex=\"-1\">Interior Design and Renovations<\/a><\/li>\n<\/ul>\t\t\t<\/nav>\n\t\t\t\t\t\t<\/div>\n\t\t\t\t\t<\/div>\n\t\t\t\t<\/div>\n\t\t<div class=\"elementor-element elementor-element-35b47e06 e-flex e-con-boxed e-con e-child\" data-id=\"35b47e06\" data-element_type=\"container\" data-e-type=\"container\" data-settings=\"{&quot;background_background&quot;:&quot;classic&quot;}\">\n\t\t\t\t\t<div class=\"e-con-inner\">\n\t\t\t\t<div class=\"elementor-element elementor-element-2fd64c56 elementor-widget__width-initial elementor-widget elementor-widget-heading\" data-id=\"2fd64c56\" data-element_type=\"widget\" data-e-type=\"widget\" data-widget_type=\"heading.default\">\n\t\t\t\t\t<h2 class=\"elementor-heading-title elementor-size-default\">Contact us today for your architectural services.<\/h2>\t\t\t\t<\/div>\n\t\t\t\t<div class=\"elementor-element elementor-element-45e63ac1 elementor-widget elementor-widget-button\" data-id=\"45e63ac1\" data-element_type=\"widget\" data-e-type=\"widget\" data-widget_type=\"button.default\">\n\t\t\t\t\t\t\t\t\t\t<a class=\"elementor-button elementor-button-link elementor-size-sm\" href=\"https:\/\/wa.me\/50379890779?text=Hola,%20quisiera%20agendar%20una%20reuni\u00f3n%20para%20discutir%20un%20Anteproyecto%20de%20arquitectura\" target=\"_blank\" rel=\"noopener\">\n\t\t\t\t\t\t<span class=\"elementor-button-content-wrapper\">\n\t\t\t\t\t\t\t\t\t<span class=\"elementor-button-text\">WhatsApp<\/span>\n\t\t\t\t\t<\/span>\n\t\t\t\t\t<\/a>\n\t\t\t\t\t\t\t\t<\/div>\n\t\t\t\t\t<\/div>\n\t\t\t\t<\/div>\n\t\t\t\t<\/div>\n\t\t<div class=\"elementor-element elementor-element-661b2f03 e-con-full e-flex e-con e-child\" data-id=\"661b2f03\" data-element_type=\"container\" data-e-type=\"container\">\n\t\t\t\t<div class=\"elementor-element elementor-element-3e1ebfa3 elementor-widget-mobile__width-initial elementor-widget__width-initial elementor-widget elementor-widget-heading\" data-id=\"3e1ebfa3\" data-element_type=\"widget\" data-e-type=\"widget\" data-widget_type=\"heading.default\">\n\t\t\t\t\t<h1 class=\"elementor-heading-title elementor-size-default\">Architectural Design and Schematics in El Salvador: Bringing Your Vision to Life<\/h1>\t\t\t\t<\/div>\n\t\t\t\t<div class=\"elementor-element elementor-element-4ca6ef55 elementor-widget elementor-widget-text-editor\" data-id=\"4ca6ef55\" data-element_type=\"widget\" data-e-type=\"widget\" data-widget_type=\"text-editor.default\">\n\t\t\t\t\t\t\t\t\t<p class=\"translation-block\"><span class=\"ng-star-inserted\">Every great project begins with a clear idea. At <\/span><b class=\"ng-star-inserted\">Tree Architecture<\/b><span class=\"ng-star-inserted\">, the Architectural Design and Preliminary Project phase is the crucial moment where we translate your needs and dreams into a coherent visual and technical proposal. We don\u2019t just draw spaces; we define the functionality, aesthetics, and economic viability of your investment before laying the first brick.<\/span><\/p>\t\t\t\t\t\t\t\t<\/div>\n\t\t\t\t<div class=\"elementor-element elementor-element-676c32a3 elementor-widget elementor-widget-image\" data-id=\"676c32a3\" data-element_type=\"widget\" data-e-type=\"widget\" data-widget_type=\"image.default\">\n\t\t\t\t\t\t\t\t\t\t\t\t<figure class=\"wp-caption\">\n\t\t\t\t\t\t\t\t\t\t\t<a href=\"https:\/\/treearch.com\/en\/master-plan-finca-las-marias\/\">\n\t\t\t\t\t\t\t<img fetchpriority=\"high\" decoding=\"async\" width=\"1600\" height=\"815\" src=\"https:\/\/treearch.com\/wp-content\/uploads\/2026\/02\/WhatsApp-Image-2026-01-16-at-8.00.50-PM.jpeg\" class=\"attachment-full size-full wp-image-262\" alt=\"Modelo 3D y dise\u00f1o conceptual para anteproyecto arquitect\u00f3nico en El Salvador.\" srcset=\"https:\/\/treearch.com\/wp-content\/uploads\/2026\/02\/WhatsApp-Image-2026-01-16-at-8.00.50-PM.jpeg 1600w, https:\/\/treearch.com\/wp-content\/uploads\/2026\/02\/WhatsApp-Image-2026-01-16-at-8.00.50-PM-300x153.jpeg 300w, https:\/\/treearch.com\/wp-content\/uploads\/2026\/02\/WhatsApp-Image-2026-01-16-at-8.00.50-PM-1024x522.jpeg 1024w, https:\/\/treearch.com\/wp-content\/uploads\/2026\/02\/WhatsApp-Image-2026-01-16-at-8.00.50-PM-768x391.jpeg 768w, https:\/\/treearch.com\/wp-content\/uploads\/2026\/02\/WhatsApp-Image-2026-01-16-at-8.00.50-PM-1536x782.jpeg 1536w\" sizes=\"(max-width: 1600px) 100vw, 1600px\" \/>\t\t\t\t\t\t\t\t<\/a>\n\t\t\t\t\t\t\t\t\t\t\t<figcaption class=\"widget-image-caption wp-caption-text\">A glimpse into the future of Finca Las Mar\u00edas. This photorealistic render captures the essence of the Master Plan, showcasing how the proposed architecture dialogues respectfully with the existing environment to create a unique habitat.<\/figcaption>\n\t\t\t\t\t\t\t\t\t\t<\/figure>\n\t\t\t\t\t\t\t\t\t<\/div>\n\t\t\t\t<div class=\"elementor-element elementor-element-42e2adbd elementor-widget elementor-widget-heading\" data-id=\"42e2adbd\" data-element_type=\"widget\" data-e-type=\"widget\" data-widget_type=\"heading.default\">\n\t\t\t\t\t<h2 class=\"elementor-heading-title elementor-size-default\">What is included in our Schematic Design service?<\/h2>\t\t\t\t<\/div>\n\t\t\t\t<div class=\"elementor-element elementor-element-7bdd5b02 elementor-widget__width-initial elementor-widget elementor-widget-text-editor\" data-id=\"7bdd5b02\" data-element_type=\"widget\" data-e-type=\"widget\" data-widget_type=\"text-editor.default\">\n\t\t\t\t\t\t\t\t\t<div class=\"paragraph normal ng-star-inserted\" data-start-index=\"2195\"><span class=\"ng-star-inserted\" data-start-index=\"2195\">We create a visual and technical roadmap that enables you to \"visualize\" your completed project. Based on our workflow, this stage includes:<\/span><\/div>\n<div class=\"paragraph normal ng-star-inserted\" data-start-index=\"2343\"><span class=\"ng-star-inserted\">\u2022 <\/span><b class=\"ng-star-inserted\" data-start-index=\"2343\">Definici\u00f3n del Programa Arquitect\u00f3nico:<\/b> <span class=\"ng-star-inserted\" data-start-index=\"2386\">Trabajamos con usted para listar cada necesidad: cantidad de habitaciones, flujos de circulaci\u00f3n y jerarqu\u00eda de espacios. Es la base te\u00f3rica del dise\u00f1o.<\/span><\/div>\n<div class=\"paragraph normal ng-star-inserted\" data-start-index=\"2538\"><span class=\"ng-star-inserted\">\u2022 <\/span><b class=\"ng-star-inserted\" data-start-index=\"2538\">Propuesta de Dise\u00f1o Conceptual:<\/b> <span class=\"ng-star-inserted\" data-start-index=\"2573\">Creamos la identidad del proyecto. Definimos el estilo, la volumetr\u00eda y c\u00f3mo la edificaci\u00f3n dialogar\u00e1 con su entorno, buscando siempre una <\/span><b class=\"ng-star-inserted\" data-start-index=\"2712\">arquitectura \u00fatil y atemporal<\/b><span class=\"ng-star-inserted\" data-start-index=\"2741\">.<\/span><\/div>\n<div class=\"paragraph normal ng-star-inserted\" data-start-index=\"2742\"><span class=\"ng-star-inserted\">\u2022 <\/span><b class=\"ng-star-inserted\" data-start-index=\"2742\">Modelos 3D y Visualizaciones:<\/b> <span class=\"ng-star-inserted\" data-start-index=\"2776\">No deje nada a la imaginaci\u00f3n. Entregamos modelos tridimensionales y <\/span><b class=\"ng-star-inserted\" data-start-index=\"2845\">renders fotorrealistas<\/b><span class=\"ng-star-inserted\" data-start-index=\"2867\"> que le permiten entender la espacialidad, la luz y los materiales antes de construir<\/span><span class=\"ng-star-inserted\" data-start-index=\"2952\">.<\/span><\/div>\n<div class=\"paragraph normal ng-star-inserted\" data-start-index=\"2953\"><span class=\"ng-star-inserted\">\u2022 <\/span><b class=\"ng-star-inserted\" data-start-index=\"2953\">Planos Preliminares:<\/b> <span class=\"ng-star-inserted\" data-start-index=\"2977\">Desarrollamos las plantas arquitect\u00f3nicas, cortes y fachadas preliminares para definir la distribuci\u00f3n exacta y la implantaci\u00f3n en el terreno<\/span><span class=\"ng-star-inserted\" data-start-index=\"3118\">.<\/span><\/div>\n<div class=\"paragraph normal ng-star-inserted\" data-start-index=\"3119\"><span class=\"ng-star-inserted\">\u2022 <\/span><b class=\"ng-star-inserted\" data-start-index=\"3119\">Estimaci\u00f3n Preliminar de Costos:<\/b> <span class=\"ng-star-inserted\" data-start-index=\"3155\">We provide an estimate of square footage and preliminary costs to guarantee that the conceptual design aligns with your target budget from the very beginning.<\/span><\/div>\t\t\t\t\t\t\t\t<\/div>\n\t\t\t\t<div class=\"elementor-element elementor-element-7a42fc0 elementor-widget elementor-widget-image\" data-id=\"7a42fc0\" data-element_type=\"widget\" data-e-type=\"widget\" data-widget_type=\"image.default\">\n\t\t\t\t\t\t\t\t\t\t\t\t\t\t\t<img decoding=\"async\" width=\"800\" height=\"477\" src=\"https:\/\/treearch.com\/wp-content\/uploads\/2026\/02\/Anteproyectomejor-opcion-1024x611.png\" class=\"attachment-large size-large wp-image-264\" alt=\"\" srcset=\"https:\/\/treearch.com\/wp-content\/uploads\/2026\/02\/Anteproyectomejor-opcion-1024x611.png 1024w, https:\/\/treearch.com\/wp-content\/uploads\/2026\/02\/Anteproyectomejor-opcion-300x179.png 300w, https:\/\/treearch.com\/wp-content\/uploads\/2026\/02\/Anteproyectomejor-opcion-768x458.png 768w, https:\/\/treearch.com\/wp-content\/uploads\/2026\/02\/Anteproyectomejor-opcion-1536x916.png 1536w, https:\/\/treearch.com\/wp-content\/uploads\/2026\/02\/Anteproyectomejor-opcion-2048x1221.png 2048w\" sizes=\"(max-width: 800px) 100vw, 800px\" \/>\t\t\t\t\t\t\t\t\t\t\t\t\t\t\t<\/div>\n\t\t\t\t<div class=\"elementor-element elementor-element-79faf3fc elementor-widget elementor-widget-heading\" data-id=\"79faf3fc\" data-element_type=\"widget\" data-e-type=\"widget\" data-widget_type=\"heading.default\">\n\t\t\t\t\t<h2 class=\"elementor-heading-title elementor-size-default\">Why is a solid Preliminary Project vital?<\/h2>\t\t\t\t<\/div>\n\t\t\t\t<div class=\"elementor-element elementor-element-131ef4b5 elementor-widget elementor-widget-text-editor\" data-id=\"131ef4b5\" data-element_type=\"widget\" data-e-type=\"widget\" data-widget_type=\"text-editor.default\">\n\t\t\t\t\t\t\t\t\t<div class=\"paragraph normal ng-star-inserted translation-block\" data-start-index=\"4418\"><span class=\"ng-star-inserted\">Skipping this stage is the costliest mistake in construction. A well-executed preliminary project by <\/span><b class=\"ng-star-inserted\">Tree Architecture<\/b><span class=\"ng-star-inserted\"> allows you to:<\/span><\/div><div class=\"paragraph normal ng-star-inserted translation-block\" data-start-index=\"4546\"><span class=\"ng-star-inserted\">1. <\/span><b class=\"ng-star-inserted\">Validate the investment:<\/b><span class=\"ng-star-inserted\"> Know the approximate cost before committing to the full technical construction.<\/span><\/div><div class=\"paragraph normal ng-star-inserted translation-block\" data-start-index=\"4657\"><span class=\"ng-star-inserted\">2. <\/span><b class=\"ng-star-inserted\">Optimize the site:<\/b><span class=\"ng-star-inserted\"> Ensure that the building's footprint takes advantage of the best solar orientation and natural ventilation<\/span><span class=\"ng-star-inserted\">.<\/span><\/div><div class=\"paragraph normal ng-star-inserted\" data-start-index=\"4767\"><span class=\"ng-star-inserted\">3. <\/span><b class=\"ng-star-inserted\" data-start-index=\"4767\">Evitar cambios costosos:<\/b><span class=\"ng-star-inserted\" data-start-index=\"4791\"> Es barato mover una pared en un modelo 3D; es muy caro moverla en la obra real.<\/span><\/div>\t\t\t\t\t\t\t\t<\/div>\n\t\t\t\t<\/div>\n\t\t\t\t\t<\/div>\n\t\t\t\t<\/div>\n\t\t<div class=\"elementor-element elementor-element-176e4890 e-flex e-con-boxed e-con e-parent\" data-id=\"176e4890\" data-element_type=\"container\" data-e-type=\"container\" data-settings=\"{&quot;background_background&quot;:&quot;classic&quot;}\">\n\t\t\t\t\t<div class=\"e-con-inner\">\n\t\t\t\t<div class=\"elementor-element elementor-element-54138441 elementor-widget elementor-widget-heading\" data-id=\"54138441\" data-element_type=\"widget\" data-e-type=\"widget\" data-widget_type=\"heading.default\">\n\t\t\t\t\t<h2 class=\"elementor-heading-title elementor-size-default\">Let\u2019s start shaping your idea.<\/h2>\t\t\t\t<\/div>\n\t\t\t\t<div class=\"elementor-element elementor-element-750b6fdd elementor-widget__width-initial elementor-widget-tablet__width-initial elementor-widget elementor-widget-text-editor\" data-id=\"750b6fdd\" data-element_type=\"widget\" data-e-type=\"widget\" data-widget_type=\"text-editor.default\">\n\t\t\t\t\t\t\t\t\t<p>Do you have a site and a vision? We provide the architecture.<\/p>\t\t\t\t\t\t\t\t<\/div>\n\t\t\t\t<div class=\"elementor-element elementor-element-4ffe0598 elementor-widget elementor-widget-button\" data-id=\"4ffe0598\" data-element_type=\"widget\" data-e-type=\"widget\" data-widget_type=\"button.default\">\n\t\t\t\t\t\t\t\t\t\t<a class=\"elementor-button elementor-button-link elementor-size-sm\" href=\"https:\/\/wa.me\/50379890779?text=Hola,%20quisiera%20Solicitar%20una%20Reuni\u00f3n%20de%20Dise\u00f1o%20para%20un%20Anteproyecto\" target=\"_blank\" rel=\"noopener\">\n\t\t\t\t\t\t<span class=\"elementor-button-content-wrapper\">\n\t\t\t\t\t\t\t\t\t<span class=\"elementor-button-text\">Schedule a Design Consultation <\/span>\n\t\t\t\t\t<\/span>\n\t\t\t\t\t<\/a>\n\t\t\t\t\t\t\t\t<\/div>\n\t\t\t\t\t<\/div>\n\t\t\t\t<\/div>\n\t\t\t\t<\/div>","protected":false},"excerpt":{"rendered":"<p>Nuestros Servicios Cont\u00e1ctenos hoy para su servicio de arquitectura. WhatsApp Dise\u00f1o Arquitect\u00f3nico y Anteproyectos El Salvador: Donde Nace su Visi\u00f3n Todo gran proyecto comienza con una idea clara. En Tree Architecture, la fase de Dise\u00f1o Arquitect\u00f3nico y Anteproyecto es el momento crucial donde traducimos sus necesidades y sue\u00f1os en una propuesta visual y t\u00e9cnica coherente. [&hellip;]<\/p>\n","protected":false},"author":1,"featured_media":0,"parent":0,"menu_order":0,"comment_status":"closed","ping_status":"closed","template":"elementor_header_footer","meta":{"footnotes":""},"class_list":["post-138","page","type-page","status-publish","hentry"],"_hostinger_reach_plugin_has_subscription_block":false,"_hostinger_reach_plugin_is_elementor":false,"_links":{"self":[{"href":"https:\/\/treearch.com\/en\/wp-json\/wp\/v2\/pages\/138","targetHints":{"allow":["GET"]}}],"collection":[{"href":"https:\/\/treearch.com\/en\/wp-json\/wp\/v2\/pages"}],"about":[{"href":"https:\/\/treearch.com\/en\/wp-json\/wp\/v2\/types\/page"}],"author":[{"embeddable":true,"href":"https:\/\/treearch.com\/en\/wp-json\/wp\/v2\/users\/1"}],"replies":[{"embeddable":true,"href":"https:\/\/treearch.com\/en\/wp-json\/wp\/v2\/comments?post=138"}],"version-history":[{"count":41,"href":"https:\/\/treearch.com\/en\/wp-json\/wp\/v2\/pages\/138\/revisions"}],"predecessor-version":[{"id":1654,"href":"https:\/\/treearch.com\/en\/wp-json\/wp\/v2\/pages\/138\/revisions\/1654"}],"wp:attachment":[{"href":"https:\/\/treearch.com\/en\/wp-json\/wp\/v2\/media?parent=138"}],"curies":[{"name":"wp","href":"https:\/\/api.w.org\/{rel}","templated":true}]}}