{"id":151,"date":"2026-01-30T22:08:11","date_gmt":"2026-01-30T22:08:11","guid":{"rendered":"https:\/\/treearch.com\/?page_id=151"},"modified":"2026-03-16T21:06:37","modified_gmt":"2026-03-16T21:06:37","slug":"diseno-de-interiores-y-remodelaciones","status":"publish","type":"page","link":"https:\/\/treearch.com\/en\/diseno-de-interiores-y-remodelaciones\/","title":{"rendered":"Interior Design and Renovations"},"content":{"rendered":"<div data-elementor-type=\"wp-page\" data-elementor-id=\"151\" class=\"elementor elementor-151\" data-elementor-post-type=\"page\">\n\t\t\t\t<div class=\"elementor-element elementor-element-655f1e2f e-flex e-con-boxed e-con e-parent\" data-id=\"655f1e2f\" data-element_type=\"container\" data-e-type=\"container\">\n\t\t\t\t\t<div class=\"e-con-inner\">\n\t\t<div class=\"elementor-element elementor-element-5d40bc0 e-con-full e-flex e-con e-child\" data-id=\"5d40bc0\" data-element_type=\"container\" data-e-type=\"container\">\n\t\t<div class=\"elementor-element elementor-element-65c716ba e-flex e-con-boxed e-con e-child\" data-id=\"65c716ba\" data-element_type=\"container\" data-e-type=\"container\">\n\t\t\t\t\t<div class=\"e-con-inner\">\n\t\t\t\t<div class=\"elementor-element elementor-element-54d84853 elementor-widget__width-initial elementor-widget-divider--view-line elementor-widget elementor-widget-divider\" data-id=\"54d84853\" data-element_type=\"widget\" data-e-type=\"widget\" data-widget_type=\"divider.default\">\n\t\t\t\t\t\t\t<div class=\"elementor-divider\">\n\t\t\t<span class=\"elementor-divider-separator\">\n\t\t\t\t\t\t<\/span>\n\t\t<\/div>\n\t\t\t\t\t\t<\/div>\n\t\t\t\t<div class=\"elementor-element elementor-element-84d44ef elementor-widget-divider--view-line elementor-widget elementor-widget-divider\" data-id=\"84d44ef\" data-element_type=\"widget\" data-e-type=\"widget\" data-widget_type=\"divider.default\">\n\t\t\t\t\t\t\t<div class=\"elementor-divider\">\n\t\t\t<span class=\"elementor-divider-separator\">\n\t\t\t\t\t\t<\/span>\n\t\t<\/div>\n\t\t\t\t\t\t<\/div>\n\t\t\t\t\t<\/div>\n\t\t\t\t<\/div>\n\t\t\t\t<div class=\"elementor-element elementor-element-6063130e elementor-widget elementor-widget-heading\" data-id=\"6063130e\" data-element_type=\"widget\" data-e-type=\"widget\" data-widget_type=\"heading.default\">\n\t\t\t\t\t<h2 class=\"elementor-heading-title elementor-size-default\">Nuestros servicios<\/h2>\t\t\t\t<\/div>\n\t\t<div class=\"elementor-element elementor-element-347b4f07 e-flex e-con-boxed e-con e-child\" data-id=\"347b4f07\" data-element_type=\"container\" data-e-type=\"container\">\n\t\t\t\t\t<div class=\"e-con-inner\">\n\t\t\t\t<div class=\"elementor-element elementor-element-68026e3 elementor-widget__width-initial elementor-widget-divider--view-line elementor-widget elementor-widget-divider\" data-id=\"68026e3\" data-element_type=\"widget\" data-e-type=\"widget\" data-widget_type=\"divider.default\">\n\t\t\t\t\t\t\t<div class=\"elementor-divider\">\n\t\t\t<span class=\"elementor-divider-separator\">\n\t\t\t\t\t\t<\/span>\n\t\t<\/div>\n\t\t\t\t\t\t<\/div>\n\t\t\t\t<div class=\"elementor-element elementor-element-2d48044a elementor-widget-divider--view-line elementor-widget elementor-widget-divider\" data-id=\"2d48044a\" data-element_type=\"widget\" data-e-type=\"widget\" data-widget_type=\"divider.default\">\n\t\t\t\t\t\t\t<div class=\"elementor-divider\">\n\t\t\t<span class=\"elementor-divider-separator\">\n\t\t\t\t\t\t<\/span>\n\t\t<\/div>\n\t\t\t\t\t\t<\/div>\n\t\t\t\t\t<\/div>\n\t\t\t\t<\/div>\n\t\t<div class=\"elementor-element elementor-element-2e79d855 e-flex e-con-boxed e-con e-child\" data-id=\"2e79d855\" data-element_type=\"container\" data-e-type=\"container\">\n\t\t\t\t\t<div class=\"e-con-inner\">\n\t\t\t\t<div class=\"elementor-element elementor-element-1d1f64d elementor-nav-menu__align-start elementor-nav-menu--dropdown-tablet elementor-nav-menu__text-align-aside elementor-nav-menu--toggle elementor-nav-menu--burger elementor-widget elementor-widget-nav-menu\" data-id=\"1d1f64d\" data-element_type=\"widget\" data-e-type=\"widget\" data-settings=\"{&quot;layout&quot;:&quot;vertical&quot;,&quot;submenu_icon&quot;:{&quot;value&quot;:&quot;&lt;svg aria-hidden=\\&quot;true\\&quot; class=\\&quot;e-font-icon-svg e-fas-caret-down\\&quot; viewBox=\\&quot;0 0 320 512\\&quot; xmlns=\\&quot;http:\\\/\\\/www.w3.org\\\/2000\\\/svg\\&quot;&gt;&lt;path d=\\&quot;M31.3 192h257.3c17.8 0 26.7 21.5 14.1 34.1L174.1 354.8c-7.8 7.8-20.5 7.8-28.3 0L17.2 226.1C4.6 213.5 13.5 192 31.3 192z\\&quot;&gt;&lt;\\\/path&gt;&lt;\\\/svg&gt;&quot;,&quot;library&quot;:&quot;fa-solid&quot;},&quot;toggle&quot;:&quot;burger&quot;}\" data-widget_type=\"nav-menu.default\">\n\t\t\t\t\t\t\t\t<nav aria-label=\"Menu\" class=\"elementor-nav-menu--main elementor-nav-menu__container elementor-nav-menu--layout-vertical e--pointer-underline e--animation-fade\">\n\t\t\t\t<ul id=\"menu-1-1d1f64d\" class=\"elementor-nav-menu sm-vertical\"><li class=\"menu-item menu-item-type-post_type menu-item-object-page menu-item-847\"><a href=\"https:\/\/treearch.com\/en\/diseno-arquitectonico-y-anteproyectos-el-salvador\/\" class=\"elementor-item\">Architectural Design and Schematic Design<\/a><\/li>\n<li class=\"menu-item menu-item-type-post_type menu-item-object-page menu-item-850\"><a href=\"https:\/\/treearch.com\/en\/servicios-gestion-permisos-tramites\/\" class=\"elementor-item\">Permits and Regulatory Compliance<\/a><\/li>\n<li class=\"menu-item menu-item-type-post_type menu-item-object-page menu-item-849\"><a href=\"https:\/\/treearch.com\/en\/estudios-tecnicos-y-topografia\/\" class=\"elementor-item\">Technical Studies and Topography<\/a><\/li>\n<li class=\"menu-item menu-item-type-post_type menu-item-object-page menu-item-846\"><a href=\"https:\/\/treearch.com\/en\/supervision-de-obras-en-el-salvador\/\" class=\"elementor-item\">Project Direction and Construction Oversight<\/a><\/li>\n<li class=\"menu-item menu-item-type-post_type menu-item-object-page menu-item-848\"><a href=\"https:\/\/treearch.com\/en\/diseno-de-interiores-y-remodelaciones\/\" class=\"elementor-item\">Interior Design and Renovations<\/a><\/li>\n<\/ul>\t\t\t<\/nav>\n\t\t\t\t\t<div class=\"elementor-menu-toggle\" role=\"button\" tabindex=\"0\" aria-label=\"Menu Toggle\" aria-expanded=\"false\">\n\t\t\t<svg aria-hidden=\"true\" role=\"presentation\" class=\"elementor-menu-toggle__icon--open e-font-icon-svg e-eicon-menu-bar\" viewbox=\"0 0 1000 1000\" xmlns=\"http:\/\/www.w3.org\/2000\/svg\"><path d=\"M104 333H896C929 333 958 304 958 271S929 208 896 208H104C71 208 42 237 42 271S71 333 104 333ZM104 583H896C929 583 958 554 958 521S929 458 896 458H104C71 458 42 487 42 521S71 583 104 583ZM104 833H896C929 833 958 804 958 771S929 708 896 708H104C71 708 42 737 42 771S71 833 104 833Z\"><\/path><\/svg><svg aria-hidden=\"true\" role=\"presentation\" class=\"elementor-menu-toggle__icon--close e-font-icon-svg e-eicon-close\" viewbox=\"0 0 1000 1000\" xmlns=\"http:\/\/www.w3.org\/2000\/svg\"><path d=\"M742 167L500 408 258 167C246 154 233 150 217 150 196 150 179 158 167 167 154 179 150 196 150 212 150 229 154 242 171 254L408 500 167 742C138 771 138 800 167 829 196 858 225 858 254 829L496 587 738 829C750 842 767 846 783 846 800 846 817 842 829 829 842 817 846 804 846 783 846 767 842 750 829 737L588 500 833 258C863 229 863 200 833 171 804 137 775 137 742 167Z\"><\/path><\/svg>\t\t<\/div>\n\t\t\t\t\t<nav class=\"elementor-nav-menu--dropdown elementor-nav-menu__container\" aria-hidden=\"true\">\n\t\t\t\t<ul id=\"menu-2-1d1f64d\" class=\"elementor-nav-menu sm-vertical\"><li class=\"menu-item menu-item-type-post_type menu-item-object-page menu-item-847\"><a href=\"https:\/\/treearch.com\/en\/diseno-arquitectonico-y-anteproyectos-el-salvador\/\" class=\"elementor-item\" tabindex=\"-1\">Architectural Design and Schematic Design<\/a><\/li>\n<li class=\"menu-item menu-item-type-post_type menu-item-object-page menu-item-850\"><a href=\"https:\/\/treearch.com\/en\/servicios-gestion-permisos-tramites\/\" class=\"elementor-item\" tabindex=\"-1\">Permits and Regulatory Compliance<\/a><\/li>\n<li class=\"menu-item menu-item-type-post_type menu-item-object-page menu-item-849\"><a href=\"https:\/\/treearch.com\/en\/estudios-tecnicos-y-topografia\/\" class=\"elementor-item\" tabindex=\"-1\">Technical Studies and Topography<\/a><\/li>\n<li class=\"menu-item menu-item-type-post_type menu-item-object-page menu-item-846\"><a href=\"https:\/\/treearch.com\/en\/supervision-de-obras-en-el-salvador\/\" class=\"elementor-item\" tabindex=\"-1\">Project Direction and Construction Oversight<\/a><\/li>\n<li class=\"menu-item menu-item-type-post_type menu-item-object-page menu-item-848\"><a href=\"https:\/\/treearch.com\/en\/diseno-de-interiores-y-remodelaciones\/\" class=\"elementor-item\" tabindex=\"-1\">Interior Design and Renovations<\/a><\/li>\n<\/ul>\t\t\t<\/nav>\n\t\t\t\t\t\t<\/div>\n\t\t\t\t\t<\/div>\n\t\t\t\t<\/div>\n\t\t<div class=\"elementor-element elementor-element-399de65b e-flex e-con-boxed e-con e-child\" data-id=\"399de65b\" data-element_type=\"container\" data-e-type=\"container\" data-settings=\"{&quot;background_background&quot;:&quot;classic&quot;}\">\n\t\t\t\t\t<div class=\"e-con-inner\">\n\t\t\t\t<div class=\"elementor-element elementor-element-24359b05 elementor-widget__width-initial elementor-widget elementor-widget-heading\" data-id=\"24359b05\" data-element_type=\"widget\" data-e-type=\"widget\" data-widget_type=\"heading.default\">\n\t\t\t\t\t<h2 class=\"elementor-heading-title elementor-size-default\">Contact us today for your architectural services.<\/h2>\t\t\t\t<\/div>\n\t\t\t\t<div class=\"elementor-element elementor-element-1c41dd14 elementor-widget elementor-widget-button\" data-id=\"1c41dd14\" data-element_type=\"widget\" data-e-type=\"widget\" data-widget_type=\"button.default\">\n\t\t\t\t\t\t\t\t\t\t<a class=\"elementor-button elementor-button-link elementor-size-sm\" href=\"https:\/\/wa.me\/50379890779?text=Hola,%20me%20interesa%20un%20servicio%20de%20Dise\u00f1o%20de%20Interiores%20y%20Remodelaciones\" target=\"_blank\" rel=\"noopener\">\n\t\t\t\t\t\t<span class=\"elementor-button-content-wrapper\">\n\t\t\t\t\t\t\t\t\t<span class=\"elementor-button-text\">WhatsApp<\/span>\n\t\t\t\t\t<\/span>\n\t\t\t\t\t<\/a>\n\t\t\t\t\t\t\t\t<\/div>\n\t\t\t\t\t<\/div>\n\t\t\t\t<\/div>\n\t\t\t\t<\/div>\n\t\t<div class=\"elementor-element elementor-element-6b87770a e-con-full e-flex e-con e-child\" data-id=\"6b87770a\" data-element_type=\"container\" data-e-type=\"container\">\n\t\t\t\t<div class=\"elementor-element elementor-element-2c173492 elementor-widget-mobile__width-initial elementor-widget__width-initial elementor-widget elementor-widget-heading\" data-id=\"2c173492\" data-element_type=\"widget\" data-e-type=\"widget\" data-widget_type=\"heading.default\">\n\t\t\t\t\t<h2 class=\"elementor-heading-title elementor-size-default\">Space Design and Residential Renovations in El Salvador <\/h2>\t\t\t\t<\/div>\n\t\t\t\t<div class=\"elementor-element elementor-element-4ac8e1a2 elementor-widget elementor-widget-text-editor\" data-id=\"4ac8e1a2\" data-element_type=\"widget\" data-e-type=\"widget\" data-widget_type=\"text-editor.default\">\n\t\t\t\t\t\t\t\t\t<p class=\"translation-block\"><span class=\"ng-star-inserted\">The <\/span><b class=\"ng-star-inserted\">interior design and remodeling<\/b><span class=\"ng-star-inserted\"> is the key process to transform an existing property into a functional and aesthetic space that elevates your quality of life. At <\/span><b class=\"ng-star-inserted\">Tree Architecture<\/b><span class=\"ng-star-inserted\">, we understand that every environment should reflect your identity; therefore, we integrate architecture, furniture, and light to create unique atmospheres that stand the test of time.<\/span><\/p><br>\t\t\t\t\t\t\t\t<\/div>\n\t\t\t\t<div class=\"elementor-element elementor-element-dc2108c elementor-widget elementor-widget-image\" data-id=\"dc2108c\" data-element_type=\"widget\" data-e-type=\"widget\" data-widget_type=\"image.default\">\n\t\t\t\t\t\t\t\t\t\t\t\t\t\t\t<img fetchpriority=\"high\" decoding=\"async\" width=\"800\" height=\"447\" src=\"https:\/\/treearch.com\/wp-content\/uploads\/2026\/02\/b88290bc-f6f0-4ba5-942b-52efb9fd25c3-1-1024x572.jpg\" class=\"attachment-large size-large wp-image-295\" alt=\"Dise\u00f1o de interiores en Apartamento Avitat Lift con mobiliario a medida y estilo moderno\" srcset=\"https:\/\/treearch.com\/wp-content\/uploads\/2026\/02\/b88290bc-f6f0-4ba5-942b-52efb9fd25c3-1-1024x572.jpg 1024w, https:\/\/treearch.com\/wp-content\/uploads\/2026\/02\/b88290bc-f6f0-4ba5-942b-52efb9fd25c3-1-300x167.jpg 300w, https:\/\/treearch.com\/wp-content\/uploads\/2026\/02\/b88290bc-f6f0-4ba5-942b-52efb9fd25c3-1-768x429.jpg 768w, https:\/\/treearch.com\/wp-content\/uploads\/2026\/02\/b88290bc-f6f0-4ba5-942b-52efb9fd25c3-1.jpg 1376w\" sizes=\"(max-width: 800px) 100vw, 800px\" \/>\t\t\t\t\t\t\t\t\t\t\t\t\t\t\t<\/div>\n\t\t\t\t<div class=\"elementor-element elementor-element-20b2a7a0 elementor-widget elementor-widget-heading\" data-id=\"20b2a7a0\" data-element_type=\"widget\" data-e-type=\"widget\" data-widget_type=\"heading.default\">\n\t\t\t\t\t<h2 class=\"elementor-heading-title elementor-size-default\">Comprehensive Interior Design and Renovation Services<\/h2>\t\t\t\t<\/div>\n\t\t\t\t<div class=\"elementor-element elementor-element-7eed3065 elementor-widget__width-initial elementor-widget elementor-widget-text-editor\" data-id=\"7eed3065\" data-element_type=\"widget\" data-e-type=\"widget\" data-widget_type=\"text-editor.default\">\n\t\t\t\t\t\t\t\t\t<div class=\"paragraph normal ng-star-inserted translation-block\" data-start-index=\"2354\"><span class=\"ng-star-inserted\">Our approach to <\/span><b class=\"ng-star-inserted\">interior design and renovations<\/b><span class=\"ng-star-inserted\"> ranges from conceptualization to final execution, ensuring coherence in every detail:<\/span><\/div><div data-start-index=\"2354\">\u00a0<\/div><div class=\"paragraph normal ng-star-inserted\" data-start-index=\"2509\"><p><span class=\"ng-star-inserted\">\u2022 <\/span><b class=\"ng-star-inserted\" data-start-index=\"2509\">Interiorismo Residencial y Comercial:<\/b> <span class=\"ng-star-inserted\" data-start-index=\"2551\">Planificamos la distribuci\u00f3n espacial para optimizar el flujo y la funcionalidad. Ya sea en proyectos como el <\/span><a href=\"https:\/\/treearch.com\/en\/hotel-wyndham-garden-san-blas\/\"><b class=\"ng-star-inserted\" data-start-index=\"2661\">Wyndham Garden Hotel, San Blas<\/b><\/a><span class=\"ng-star-inserted\" data-start-index=\"2690\"> o residencias privadas, creamos entornos que conectan emocionalmente con el usuario<\/span><span class=\"ng-star-inserted\" data-start-index=\"2774\">.<\/span><\/p><\/div><div class=\"paragraph normal ng-star-inserted\" data-start-index=\"2775\"><span class=\"ng-star-inserted\">\u2022 <\/span><b class=\"ng-star-inserted\" data-start-index=\"2775\">Reformas y Ampliaciones:<\/b> <span class=\"ng-star-inserted\" data-start-index=\"2803\">Intervenimos edificaciones existentes para darles una segunda vida. Desde la renovaci\u00f3n de acabados hasta la integraci\u00f3n de nuevas \u00e1reas, como realizamos en la <\/span><a href=\"https:\/\/treearch.com\/en\/terraza-santa-rosa\/\"><b class=\"ng-star-inserted\" data-start-index=\"2963\">Santa Rosa Terrace<\/b><\/a><span class=\"ng-star-inserted\" data-start-index=\"2981\">.<\/span><\/div><div data-start-index=\"2775\">\u00a0<\/div><div class=\"paragraph normal ng-star-inserted\" data-start-index=\"2982\"><span class=\"ng-star-inserted\">\u2022 <\/span><b class=\"ng-star-inserted\" data-start-index=\"2982\">Dise\u00f1o de Mobiliario a Medida:<\/b> <span class=\"ng-star-inserted\" data-start-index=\"3016\">Dise\u00f1amos carpinter\u00eda fija, cocinas y closets personalizados que se adaptan milim\u00e9tricamente a su espacio, tal como se ejecut\u00f3 en el proyecto <\/span><a href=\"https:\/\/treearch.com\/en\/apartamento-avitat-lift\/\"><b class=\"ng-star-inserted\" data-start-index=\"3158\">Avitat Lift Apartment<\/b><\/a><span class=\"ng-star-inserted\" data-start-index=\"3181\">.<\/span><\/div><div data-start-index=\"2982\">\u00a0<\/div><div class=\"paragraph normal ng-star-inserted\" data-start-index=\"3182\"><span class=\"ng-star-inserted\">\u2022 <\/span><b class=\"ng-star-inserted\" data-start-index=\"3182\">Proyectos de Iluminaci\u00f3n:<\/b> <span class=\"ng-star-inserted\" data-start-index=\"3211\">La luz define el ambiente. Desarrollamos esquemas de iluminaci\u00f3n t\u00e9cnica y decorativa para resaltar la arquitectura y generar confort visual<\/span><span class=\"ng-star-inserted\" data-start-index=\"3351\">.<\/span><\/div>\t\t\t\t\t\t\t\t<\/div>\n\t\t\t\t<div class=\"elementor-element elementor-element-2cdb2def gallery-spacing-custom elementor-widget__width-inherit elementor-widget elementor-widget-image-gallery\" data-id=\"2cdb2def\" data-element_type=\"widget\" data-e-type=\"widget\" data-widget_type=\"image-gallery.default\">\n\t\t\t\t\t\t\t<div class=\"elementor-image-gallery\">\n\t\t\t<div id='gallery-1' class='gallery galleryid-151 gallery-columns-3 gallery-size-medium'><figure class='gallery-item'>\n\t\t\t<div class='gallery-icon landscape'>\n\t\t\t\t<a data-elementor-open-lightbox=\"yes\" data-elementor-lightbox-slideshow=\"2cdb2def\" data-elementor-lightbox-title=\"Picture10(1)\" data-e-action-hash=\"#elementor-action%3Aaction%3Dlightbox%26settings%3DeyJpZCI6MTc3MywidXJsIjoiaHR0cHM6XC9cL3RyZWVhcmNoLmNvbVwvd3AtY29udGVudFwvdXBsb2Fkc1wvMjAyNlwvMDNcL1BpY3R1cmUxMDEucG5nIiwic2xpZGVzaG93IjoiMmNkYjJkZWYifQ%3D%3D\" href=\"https:\/\/treearch.com\/wp-content\/uploads\/2026\/03\/Picture101.png\"><img decoding=\"async\" width=\"300\" height=\"165\" src=\"https:\/\/treearch.com\/wp-content\/uploads\/2026\/03\/Picture101-300x165.png\" class=\"attachment-medium size-medium\" alt=\"\" srcset=\"https:\/\/treearch.com\/wp-content\/uploads\/2026\/03\/Picture101-300x165.png 300w, https:\/\/treearch.com\/wp-content\/uploads\/2026\/03\/Picture101-18x10.png 18w, https:\/\/treearch.com\/wp-content\/uploads\/2026\/03\/Picture101.png 720w\" sizes=\"(max-width: 300px) 100vw, 300px\" \/><\/a>\n\t\t\t<\/div><\/figure><figure class='gallery-item'>\n\t\t\t<div class='gallery-icon landscape'>\n\t\t\t\t<a data-elementor-open-lightbox=\"yes\" data-elementor-lightbox-slideshow=\"2cdb2def\" data-elementor-lightbox-title=\"1767981756878_6428cdfb-5dc9-47c5-9afe-15190483d04d_Redraw_00018_(1)\" data-e-action-hash=\"#elementor-action%3Aaction%3Dlightbox%26settings%3DeyJpZCI6MTc3MSwidXJsIjoiaHR0cHM6XC9cL3RyZWVhcmNoLmNvbVwvd3AtY29udGVudFwvdXBsb2Fkc1wvMjAyNlwvMDNcLzE3Njc5ODE3NTY4NzhfNjQyOGNkZmItNWRjOS00N2M1LTlhZmUtMTUxOTA0ODNkMDRkX1JlZHJhd18wMDAxOF8xLnBuZyIsInNsaWRlc2hvdyI6IjJjZGIyZGVmIn0%3D\" href=\"https:\/\/treearch.com\/wp-content\/uploads\/2026\/03\/1767981756878_6428cdfb-5dc9-47c5-9afe-15190483d04d_Redraw_00018_1.png\"><img decoding=\"async\" width=\"300\" height=\"166\" src=\"https:\/\/treearch.com\/wp-content\/uploads\/2026\/03\/1767981756878_6428cdfb-5dc9-47c5-9afe-15190483d04d_Redraw_00018_1-300x166.png\" class=\"attachment-medium size-medium\" alt=\"\" srcset=\"https:\/\/treearch.com\/wp-content\/uploads\/2026\/03\/1767981756878_6428cdfb-5dc9-47c5-9afe-15190483d04d_Redraw_00018_1-300x166.png 300w, https:\/\/treearch.com\/wp-content\/uploads\/2026\/03\/1767981756878_6428cdfb-5dc9-47c5-9afe-15190483d04d_Redraw_00018_1-1024x567.png 1024w, https:\/\/treearch.com\/wp-content\/uploads\/2026\/03\/1767981756878_6428cdfb-5dc9-47c5-9afe-15190483d04d_Redraw_00018_1-768x425.png 768w, https:\/\/treearch.com\/wp-content\/uploads\/2026\/03\/1767981756878_6428cdfb-5dc9-47c5-9afe-15190483d04d_Redraw_00018_1-1536x851.png 1536w, https:\/\/treearch.com\/wp-content\/uploads\/2026\/03\/1767981756878_6428cdfb-5dc9-47c5-9afe-15190483d04d_Redraw_00018_1-2048x1134.png 2048w, https:\/\/treearch.com\/wp-content\/uploads\/2026\/03\/1767981756878_6428cdfb-5dc9-47c5-9afe-15190483d04d_Redraw_00018_1-18x10.png 18w\" sizes=\"(max-width: 300px) 100vw, 300px\" \/><\/a>\n\t\t\t<\/div><\/figure><figure class='gallery-item'>\n\t\t\t<div class='gallery-icon landscape'>\n\t\t\t\t<a data-elementor-open-lightbox=\"yes\" data-elementor-lightbox-slideshow=\"2cdb2def\" data-elementor-lightbox-title=\"Dise\u00f1o de cocina moderna y carpinter\u00eda fija para apartamento en San Salvador.\" data-e-action-hash=\"#elementor-action%3Aaction%3Dlightbox%26settings%3DeyJpZCI6Mjk4LCJ1cmwiOiJodHRwczpcL1wvdHJlZWFyY2guY29tXC93cC1jb250ZW50XC91cGxvYWRzXC8yMDI2XC8wMlwvZDUyNDg5MzYtZDhlMi00MTMyLTgxM2UtNzQwNjFkMTdhMDI0LmpwZyIsInNsaWRlc2hvdyI6IjJjZGIyZGVmIn0%3D\" href=\"https:\/\/treearch.com\/wp-content\/uploads\/2026\/02\/d5248936-d8e2-4132-813e-74061d17a024.jpg\"><img loading=\"lazy\" decoding=\"async\" width=\"300\" height=\"167\" src=\"https:\/\/treearch.com\/wp-content\/uploads\/2026\/02\/d5248936-d8e2-4132-813e-74061d17a024-300x167.jpg\" class=\"attachment-medium size-medium\" alt=\"Dise\u00f1o de cocina moderna y carpinter\u00eda fija para apartamento en San Salvador.\" srcset=\"https:\/\/treearch.com\/wp-content\/uploads\/2026\/02\/d5248936-d8e2-4132-813e-74061d17a024-300x167.jpg 300w, https:\/\/treearch.com\/wp-content\/uploads\/2026\/02\/d5248936-d8e2-4132-813e-74061d17a024-1024x572.jpg 1024w, https:\/\/treearch.com\/wp-content\/uploads\/2026\/02\/d5248936-d8e2-4132-813e-74061d17a024-768x429.jpg 768w, https:\/\/treearch.com\/wp-content\/uploads\/2026\/02\/d5248936-d8e2-4132-813e-74061d17a024.jpg 1376w\" sizes=\"(max-width: 300px) 100vw, 300px\" \/><\/a>\n\t\t\t<\/div><\/figure>\n\t\t<\/div>\n\t\t<\/div>\n\t\t\t\t\t\t<\/div>\n\t\t\t\t<div class=\"elementor-element elementor-element-385de1f4 elementor-widget elementor-widget-heading\" data-id=\"385de1f4\" data-element_type=\"widget\" data-e-type=\"widget\" data-widget_type=\"heading.default\">\n\t\t\t\t\t<h2 class=\"elementor-heading-title elementor-size-default\">Why Choose Us for Your Transformation?<\/h2>\t\t\t\t<\/div>\n\t\t\t\t<div class=\"elementor-element elementor-element-4d566031 elementor-widget elementor-widget-text-editor\" data-id=\"4d566031\" data-element_type=\"widget\" data-e-type=\"widget\" data-widget_type=\"text-editor.default\">\n\t\t\t\t\t\t\t\t\t<div class=\"paragraph normal ng-star-inserted translation-block\" data-start-index=\"3481\"><span class=\"ng-star-inserted\">Unlike simple decoration, our <\/span><b class=\"ng-star-inserted\">interior design and remodeling<\/b><span class=\"ng-star-inserted\"> service offers a complete technical solution. We coordinate all specialists (electricians, carpenters, installers) to ensure the execution is faithful to the approved design, rigorously controlling timelines and budgets<\/span><span class=\"ng-star-inserted\">.<\/span><\/div><div class=\"paragraph blockquote ng-star-inserted\" data-start-index=\"3805\">\u00a0<\/div>\t\t\t\t\t\t\t\t<\/div>\n\t\t\t\t<div class=\"elementor-element elementor-element-undefined-9e46d8e elementor-widget elementor-widget-heading\" data-id=\"undefined-9e46d8e\" data-element_type=\"widget\" data-e-type=\"widget\" data-widget_type=\"heading.default\">\n\t\t\t\t\t<h2 class=\"elementor-heading-title elementor-size-default\">Featured Project<\/h2>\t\t\t\t<\/div>\n\t\t\t\t<div class=\"elementor-element elementor-element-undefined-2de0530 elementor-widget__width-initial elementor-widget elementor-widget-text-editor\" data-id=\"undefined-2de0530\" data-element_type=\"widget\" data-e-type=\"widget\" data-widget_type=\"text-editor.default\">\n\t\t\t\t\t\t\t\t\t<p class=\"translation-block\"><span class=\"ng-star-inserted\">In the <\/span><a href=\"https:\/\/treearch.com\/en\/apartamento-santa-rosa\/\" target=\"_self\"><b class=\"ng-star-inserted\">Santa Rosa Apartment<\/b><\/a><span class=\"ng-star-inserted\"> project, we accompanied the client from spatial planning to the final selection of textures, achieving a perfect balance between comfort and style<\/span><span class=\"ng-star-inserted\">.<\/span><\/p>\t\t\t\t\t\t\t\t<\/div>\n\t\t\t\t<div class=\"elementor-element elementor-element-239c3e2 elementor-widget elementor-widget-heading\" data-id=\"239c3e2\" data-element_type=\"widget\" data-e-type=\"widget\" data-widget_type=\"heading.default\">\n\t\t\t\t\t<h2 class=\"elementor-heading-title elementor-size-default\">Renovate Your Space with Experts<\/h2>\t\t\t\t<\/div>\n\t\t\t\t<div class=\"elementor-element elementor-element-874d256 elementor-widget elementor-widget-text-editor\" data-id=\"874d256\" data-element_type=\"widget\" data-e-type=\"widget\" data-widget_type=\"text-editor.default\">\n\t\t\t\t\t\t\t\t\t<p class=\"translation-block\"><span class=\"ng-star-inserted\">Don\u2019t leave your investment to chance. Trust a team specialized in <\/span><b class=\"ng-star-inserted\">interior design and remodeling<\/b><span class=\"ng-star-inserted\"> that guarantees exceptional results.<\/span><\/p>\t\t\t\t\t\t\t\t<\/div>\n\t\t\t\t<div class=\"elementor-element elementor-element-1651322 elementor-align-justify elementor-widget elementor-widget-button\" data-id=\"1651322\" data-element_type=\"widget\" data-e-type=\"widget\" data-widget_type=\"button.default\">\n\t\t\t\t\t\t\t\t\t\t<a class=\"elementor-button elementor-button-link elementor-size-sm\" href=\"https:\/\/wa.me\/50379890779?text=Hola,%20me%20interesa%20un%20servicio%20de%20Dise\u00f1o%20de%20Interiores%20y%20Remodelaciones\" target=\"_blank\" rel=\"noopener\">\n\t\t\t\t\t\t<span class=\"elementor-button-content-wrapper\">\n\t\t\t\t\t\t\t\t\t<span class=\"elementor-button-text\">Request a Design &amp; Remodeling Quote<\/span>\n\t\t\t\t\t<\/span>\n\t\t\t\t\t<\/a>\n\t\t\t\t\t\t\t\t<\/div>\n\t\t\t\t<\/div>\n\t\t\t\t\t<\/div>\n\t\t\t\t<\/div>\n\t\t\t\t<\/div>","protected":false},"excerpt":{"rendered":"<p>Nuestros servicios Cont\u00e1ctenos hoy para su servicio de arquitectura. WhatsApp Dise\u00f1o de interiores y remodelaciones en El Salvador El dise\u00f1o de interiores y remodelaciones es el proceso clave para transformar una propiedad existente en un espacio funcional y est\u00e9tico que eleve su calidad de vida. En Tree Architecture, entendemos que cada ambiente debe reflejar su [&hellip;]<\/p>\n","protected":false},"author":1,"featured_media":0,"parent":0,"menu_order":0,"comment_status":"closed","ping_status":"closed","template":"elementor_header_footer","meta":{"footnotes":""},"class_list":["post-151","page","type-page","status-publish","hentry"],"_hostinger_reach_plugin_has_subscription_block":false,"_hostinger_reach_plugin_is_elementor":false,"_links":{"self":[{"href":"https:\/\/treearch.com\/en\/wp-json\/wp\/v2\/pages\/151","targetHints":{"allow":["GET"]}}],"collection":[{"href":"https:\/\/treearch.com\/en\/wp-json\/wp\/v2\/pages"}],"about":[{"href":"https:\/\/treearch.com\/en\/wp-json\/wp\/v2\/types\/page"}],"author":[{"embeddable":true,"href":"https:\/\/treearch.com\/en\/wp-json\/wp\/v2\/users\/1"}],"replies":[{"embeddable":true,"href":"https:\/\/treearch.com\/en\/wp-json\/wp\/v2\/comments?post=151"}],"version-history":[{"count":46,"href":"https:\/\/treearch.com\/en\/wp-json\/wp\/v2\/pages\/151\/revisions"}],"predecessor-version":[{"id":1813,"href":"https:\/\/treearch.com\/en\/wp-json\/wp\/v2\/pages\/151\/revisions\/1813"}],"wp:attachment":[{"href":"https:\/\/treearch.com\/en\/wp-json\/wp\/v2\/media?parent=151"}],"curies":[{"name":"wp","href":"https:\/\/api.w.org\/{rel}","templated":true}]}}