{"id":153,"date":"2026-01-30T22:08:35","date_gmt":"2026-01-30T22:08:35","guid":{"rendered":"https:\/\/treearch.com\/?page_id=153"},"modified":"2026-03-12T16:45:23","modified_gmt":"2026-03-12T16:45:23","slug":"estudios-tecnicos-y-topografia","status":"publish","type":"page","link":"https:\/\/treearch.com\/en\/estudios-tecnicos-y-topografia\/","title":{"rendered":"Technical Studies and Topography"},"content":{"rendered":"<div data-elementor-type=\"wp-page\" data-elementor-id=\"153\" class=\"elementor elementor-153\" data-elementor-post-type=\"page\">\n\t\t\t\t<div class=\"elementor-element elementor-element-14c3f44a e-flex e-con-boxed e-con e-parent\" data-id=\"14c3f44a\" data-element_type=\"container\" data-e-type=\"container\">\n\t\t\t\t\t<div class=\"e-con-inner\">\n\t\t<div class=\"elementor-element elementor-element-543a0fd5 e-con-full e-flex e-con e-child\" data-id=\"543a0fd5\" data-element_type=\"container\" data-e-type=\"container\">\n\t\t<div class=\"elementor-element elementor-element-20755864 e-flex e-con-boxed e-con e-child\" data-id=\"20755864\" data-element_type=\"container\" data-e-type=\"container\">\n\t\t\t\t\t<div class=\"e-con-inner\">\n\t\t\t\t<div class=\"elementor-element elementor-element-2bf94bb5 elementor-widget__width-initial elementor-widget-divider--view-line elementor-widget elementor-widget-divider\" data-id=\"2bf94bb5\" data-element_type=\"widget\" data-e-type=\"widget\" data-widget_type=\"divider.default\">\n\t\t\t\t\t\t\t<div class=\"elementor-divider\">\n\t\t\t<span class=\"elementor-divider-separator\">\n\t\t\t\t\t\t<\/span>\n\t\t<\/div>\n\t\t\t\t\t\t<\/div>\n\t\t\t\t<div class=\"elementor-element elementor-element-5fc9346f elementor-widget-divider--view-line elementor-widget elementor-widget-divider\" data-id=\"5fc9346f\" data-element_type=\"widget\" data-e-type=\"widget\" data-widget_type=\"divider.default\">\n\t\t\t\t\t\t\t<div class=\"elementor-divider\">\n\t\t\t<span class=\"elementor-divider-separator\">\n\t\t\t\t\t\t<\/span>\n\t\t<\/div>\n\t\t\t\t\t\t<\/div>\n\t\t\t\t\t<\/div>\n\t\t\t\t<\/div>\n\t\t\t\t<div class=\"elementor-element elementor-element-1124afe1 elementor-widget elementor-widget-heading\" data-id=\"1124afe1\" data-element_type=\"widget\" data-e-type=\"widget\" data-widget_type=\"heading.default\">\n\t\t\t\t\t<h2 class=\"elementor-heading-title elementor-size-default\">Our Services<\/h2>\t\t\t\t<\/div>\n\t\t<div class=\"elementor-element elementor-element-14f7a316 e-flex e-con-boxed e-con e-child\" data-id=\"14f7a316\" data-element_type=\"container\" data-e-type=\"container\">\n\t\t\t\t\t<div class=\"e-con-inner\">\n\t\t\t\t<div class=\"elementor-element elementor-element-583695ca elementor-widget__width-initial elementor-widget-divider--view-line elementor-widget elementor-widget-divider\" data-id=\"583695ca\" data-element_type=\"widget\" data-e-type=\"widget\" data-widget_type=\"divider.default\">\n\t\t\t\t\t\t\t<div class=\"elementor-divider\">\n\t\t\t<span class=\"elementor-divider-separator\">\n\t\t\t\t\t\t<\/span>\n\t\t<\/div>\n\t\t\t\t\t\t<\/div>\n\t\t\t\t<div class=\"elementor-element elementor-element-66bd0ac9 elementor-widget-divider--view-line elementor-widget elementor-widget-divider\" data-id=\"66bd0ac9\" data-element_type=\"widget\" data-e-type=\"widget\" data-widget_type=\"divider.default\">\n\t\t\t\t\t\t\t<div class=\"elementor-divider\">\n\t\t\t<span class=\"elementor-divider-separator\">\n\t\t\t\t\t\t<\/span>\n\t\t<\/div>\n\t\t\t\t\t\t<\/div>\n\t\t\t\t\t<\/div>\n\t\t\t\t<\/div>\n\t\t<div class=\"elementor-element elementor-element-577a2c38 e-flex e-con-boxed e-con e-child\" data-id=\"577a2c38\" data-element_type=\"container\" data-e-type=\"container\">\n\t\t\t\t\t<div class=\"e-con-inner\">\n\t\t\t\t<div class=\"elementor-element elementor-element-21384b2 elementor-nav-menu__align-start elementor-nav-menu--dropdown-tablet elementor-nav-menu__text-align-aside elementor-nav-menu--toggle elementor-nav-menu--burger elementor-widget elementor-widget-nav-menu\" data-id=\"21384b2\" data-element_type=\"widget\" data-e-type=\"widget\" data-settings=\"{&quot;layout&quot;:&quot;vertical&quot;,&quot;submenu_icon&quot;:{&quot;value&quot;:&quot;&lt;svg aria-hidden=\\&quot;true\\&quot; class=\\&quot;e-font-icon-svg e-fas-caret-down\\&quot; viewBox=\\&quot;0 0 320 512\\&quot; xmlns=\\&quot;http:\\\/\\\/www.w3.org\\\/2000\\\/svg\\&quot;&gt;&lt;path d=\\&quot;M31.3 192h257.3c17.8 0 26.7 21.5 14.1 34.1L174.1 354.8c-7.8 7.8-20.5 7.8-28.3 0L17.2 226.1C4.6 213.5 13.5 192 31.3 192z\\&quot;&gt;&lt;\\\/path&gt;&lt;\\\/svg&gt;&quot;,&quot;library&quot;:&quot;fa-solid&quot;},&quot;toggle&quot;:&quot;burger&quot;}\" data-widget_type=\"nav-menu.default\">\n\t\t\t\t\t\t\t\t<nav aria-label=\"Menu\" class=\"elementor-nav-menu--main elementor-nav-menu__container elementor-nav-menu--layout-vertical e--pointer-underline e--animation-fade\">\n\t\t\t\t<ul id=\"menu-1-21384b2\" class=\"elementor-nav-menu sm-vertical\"><li class=\"menu-item menu-item-type-post_type menu-item-object-page menu-item-847\"><a href=\"https:\/\/treearch.com\/en\/diseno-arquitectonico-y-anteproyectos-el-salvador\/\" class=\"elementor-item\">Architectural Design and Schematic Design<\/a><\/li>\n<li class=\"menu-item menu-item-type-post_type menu-item-object-page menu-item-850\"><a href=\"https:\/\/treearch.com\/en\/servicios-gestion-permisos-tramites\/\" class=\"elementor-item\">Permits and Regulatory Compliance<\/a><\/li>\n<li class=\"menu-item menu-item-type-post_type menu-item-object-page menu-item-849\"><a href=\"https:\/\/treearch.com\/en\/estudios-tecnicos-y-topografia\/\" class=\"elementor-item\">Technical Studies and Topography<\/a><\/li>\n<li class=\"menu-item menu-item-type-post_type menu-item-object-page menu-item-846\"><a href=\"https:\/\/treearch.com\/en\/supervision-de-obras-en-el-salvador\/\" class=\"elementor-item\">Project Direction and Construction Oversight<\/a><\/li>\n<li class=\"menu-item menu-item-type-post_type menu-item-object-page menu-item-848\"><a href=\"https:\/\/treearch.com\/en\/diseno-de-interiores-y-remodelaciones\/\" class=\"elementor-item\">Interior Design and Renovations<\/a><\/li>\n<\/ul>\t\t\t<\/nav>\n\t\t\t\t\t<div class=\"elementor-menu-toggle\" role=\"button\" tabindex=\"0\" aria-label=\"Menu Toggle\" aria-expanded=\"false\">\n\t\t\t<svg aria-hidden=\"true\" role=\"presentation\" class=\"elementor-menu-toggle__icon--open e-font-icon-svg e-eicon-menu-bar\" viewbox=\"0 0 1000 1000\" xmlns=\"http:\/\/www.w3.org\/2000\/svg\"><path d=\"M104 333H896C929 333 958 304 958 271S929 208 896 208H104C71 208 42 237 42 271S71 333 104 333ZM104 583H896C929 583 958 554 958 521S929 458 896 458H104C71 458 42 487 42 521S71 583 104 583ZM104 833H896C929 833 958 804 958 771S929 708 896 708H104C71 708 42 737 42 771S71 833 104 833Z\"><\/path><\/svg><svg aria-hidden=\"true\" role=\"presentation\" class=\"elementor-menu-toggle__icon--close e-font-icon-svg e-eicon-close\" viewbox=\"0 0 1000 1000\" xmlns=\"http:\/\/www.w3.org\/2000\/svg\"><path d=\"M742 167L500 408 258 167C246 154 233 150 217 150 196 150 179 158 167 167 154 179 150 196 150 212 150 229 154 242 171 254L408 500 167 742C138 771 138 800 167 829 196 858 225 858 254 829L496 587 738 829C750 842 767 846 783 846 800 846 817 842 829 829 842 817 846 804 846 783 846 767 842 750 829 737L588 500 833 258C863 229 863 200 833 171 804 137 775 137 742 167Z\"><\/path><\/svg>\t\t<\/div>\n\t\t\t\t\t<nav class=\"elementor-nav-menu--dropdown elementor-nav-menu__container\" aria-hidden=\"true\">\n\t\t\t\t<ul id=\"menu-2-21384b2\" class=\"elementor-nav-menu sm-vertical\"><li class=\"menu-item menu-item-type-post_type menu-item-object-page menu-item-847\"><a href=\"https:\/\/treearch.com\/en\/diseno-arquitectonico-y-anteproyectos-el-salvador\/\" class=\"elementor-item\" tabindex=\"-1\">Architectural Design and Schematic Design<\/a><\/li>\n<li class=\"menu-item menu-item-type-post_type menu-item-object-page menu-item-850\"><a href=\"https:\/\/treearch.com\/en\/servicios-gestion-permisos-tramites\/\" class=\"elementor-item\" tabindex=\"-1\">Permits and Regulatory Compliance<\/a><\/li>\n<li class=\"menu-item menu-item-type-post_type menu-item-object-page menu-item-849\"><a href=\"https:\/\/treearch.com\/en\/estudios-tecnicos-y-topografia\/\" class=\"elementor-item\" tabindex=\"-1\">Technical Studies and Topography<\/a><\/li>\n<li class=\"menu-item menu-item-type-post_type menu-item-object-page menu-item-846\"><a href=\"https:\/\/treearch.com\/en\/supervision-de-obras-en-el-salvador\/\" class=\"elementor-item\" tabindex=\"-1\">Project Direction and Construction Oversight<\/a><\/li>\n<li class=\"menu-item menu-item-type-post_type menu-item-object-page menu-item-848\"><a href=\"https:\/\/treearch.com\/en\/diseno-de-interiores-y-remodelaciones\/\" class=\"elementor-item\" tabindex=\"-1\">Interior Design and Renovations<\/a><\/li>\n<\/ul>\t\t\t<\/nav>\n\t\t\t\t\t\t<\/div>\n\t\t\t\t\t<\/div>\n\t\t\t\t<\/div>\n\t\t<div class=\"elementor-element elementor-element-584ca80b e-flex e-con-boxed e-con e-child\" data-id=\"584ca80b\" data-element_type=\"container\" data-e-type=\"container\" data-settings=\"{&quot;background_background&quot;:&quot;classic&quot;}\">\n\t\t\t\t\t<div class=\"e-con-inner\">\n\t\t\t\t<div class=\"elementor-element elementor-element-7fcd0757 elementor-widget__width-initial elementor-widget elementor-widget-heading\" data-id=\"7fcd0757\" data-element_type=\"widget\" data-e-type=\"widget\" data-widget_type=\"heading.default\">\n\t\t\t\t\t<h2 class=\"elementor-heading-title elementor-size-default\">Contact us today to schedule your topographic and technical studies.<\/h2>\t\t\t\t<\/div>\n\t\t\t\t<div class=\"elementor-element elementor-element-1f4a7a5b elementor-widget elementor-widget-button\" data-id=\"1f4a7a5b\" data-element_type=\"widget\" data-e-type=\"widget\" data-widget_type=\"button.default\">\n\t\t\t\t\t\t\t\t\t\t<a class=\"elementor-button elementor-button-link elementor-size-sm\" href=\"https:\/\/wa.me\/50379890779?text=Hola,%20necesito%20cotizar%20Estudios%20T\u00e9cnicos%20y%20Topograf\u00eda\" target=\"_blank\" rel=\"noopener\">\n\t\t\t\t\t\t<span class=\"elementor-button-content-wrapper\">\n\t\t\t\t\t\t\t\t\t<span class=\"elementor-button-text\">WhatsApp<\/span>\n\t\t\t\t\t<\/span>\n\t\t\t\t\t<\/a>\n\t\t\t\t\t\t\t\t<\/div>\n\t\t\t\t\t<\/div>\n\t\t\t\t<\/div>\n\t\t\t\t<\/div>\n\t\t<div class=\"elementor-element elementor-element-e4a1602 e-con-full e-flex e-con e-child\" data-id=\"e4a1602\" data-element_type=\"container\" data-e-type=\"container\">\n\t\t\t\t<div class=\"elementor-element elementor-element-25bab2c6 elementor-widget-mobile__width-initial elementor-widget__width-initial elementor-widget elementor-widget-heading\" data-id=\"25bab2c6\" data-element_type=\"widget\" data-e-type=\"widget\" data-widget_type=\"heading.default\">\n\t\t\t\t\t<h2 class=\"elementor-heading-title elementor-size-default\">Engineering Studies and Land Surveying in El Salvador<\/h2>\t\t\t\t<\/div>\n\t\t\t\t<div class=\"elementor-element elementor-element-375e9199 elementor-widget elementor-widget-text-editor\" data-id=\"375e9199\" data-element_type=\"widget\" data-e-type=\"widget\" data-widget_type=\"text-editor.default\">\n\t\t\t\t\t\t\t\t\t<p class=\"translation-block\"><span class=\"ng-star-inserted\">The foundation of any safe construction begins with accurate <\/span><b class=\"ng-star-inserted\">technical studies and surveying<\/b><span class=\"ng-star-inserted\">. At <\/span><b class=\"ng-star-inserted\">Tree Architecture<\/b><span class=\"ng-star-inserted\">, before drawing the first design line, we analyze the physical reality of your land. Our surveys guarantee that your project adapts perfectly to the site's morphology, avoiding extra costs from unnecessary earthworks or legal conflicts due to poorly defined boundaries<\/span><span class=\"ng-star-inserted\">.<\/span><\/p>\t\t\t\t\t\t\t\t<\/div>\n\t\t\t\t<div class=\"elementor-element elementor-element-879eef6 elementor-widget elementor-widget-image\" data-id=\"879eef6\" data-element_type=\"widget\" data-e-type=\"widget\" data-widget_type=\"image.default\">\n\t\t\t\t\t\t\t\t\t\t\t\t\t\t\t<img fetchpriority=\"high\" decoding=\"async\" width=\"800\" height=\"534\" src=\"https:\/\/treearch.com\/wp-content\/uploads\/2026\/03\/topografico-1024x683.webp\" class=\"attachment-large size-large wp-image-1348\" alt=\"Equipo realizando estudios t\u00e9cnicos y topograf\u00eda en terreno de El Salvador\" srcset=\"https:\/\/treearch.com\/wp-content\/uploads\/2026\/03\/topografico-1024x683.webp 1024w, https:\/\/treearch.com\/wp-content\/uploads\/2026\/03\/topografico-300x200.webp 300w, https:\/\/treearch.com\/wp-content\/uploads\/2026\/03\/topografico-768x512.webp 768w, https:\/\/treearch.com\/wp-content\/uploads\/2026\/03\/topografico-1536x1025.webp 1536w, https:\/\/treearch.com\/wp-content\/uploads\/2026\/03\/topografico-scaled.webp 1920w, https:\/\/treearch.com\/wp-content\/uploads\/2026\/03\/topografico-18x12.webp 18w\" sizes=\"(max-width: 800px) 100vw, 800px\" \/>\t\t\t\t\t\t\t\t\t\t\t\t\t\t\t<\/div>\n\t\t\t\t<div class=\"elementor-element elementor-element-511eee31 elementor-widget elementor-widget-heading\" data-id=\"511eee31\" data-element_type=\"widget\" data-e-type=\"widget\" data-widget_type=\"heading.default\">\n\t\t\t\t\t<h2 class=\"elementor-heading-title elementor-size-default\">Comprehensive Technical Studies and Surveying Services<\/h2>\t\t\t\t<\/div>\n\t\t\t\t<div class=\"elementor-element elementor-element-7a8dd7c2 elementor-widget__width-initial elementor-widget elementor-widget-text-editor\" data-id=\"7a8dd7c2\" data-element_type=\"widget\" data-e-type=\"widget\" data-widget_type=\"text-editor.default\">\n\t\t\t\t\t\t\t\t\t<div class=\"paragraph normal ng-star-inserted translation-block\" data-start-index=\"2484\"><span class=\"ng-star-inserted\">Our approach to <\/span><b class=\"ng-star-inserted\">technical studies and surveying<\/b><span class=\"ng-star-inserted\"> goes beyond simple measurement; we deliver actionable data for architectural and legal decision-making:<\/span><\/div><div data-start-index=\"2484\">\u00a0<\/div><div class=\"paragraph normal ng-star-inserted\" data-start-index=\"2651\"><span class=\"ng-star-inserted\">\u2022 <\/span><b class=\"ng-star-inserted\" data-start-index=\"2651\">Levantamiento Topogr\u00e1fico Planialtim\u00e9trico:<\/b> <span class=\"ng-star-inserted\" data-start-index=\"2698\">Generamos planos detallados con curvas de nivel exactas y georreferenciaci\u00f3n del terreno. Esto es vital para entender la pendiente y el escurrimiento de aguas lluvias<\/span><span class=\"ng-star-inserted\" data-start-index=\"2864\">.<\/span><\/div><div class=\"paragraph normal ng-star-inserted\" data-start-index=\"2865\"><span class=\"ng-star-inserted\">\u2022 <\/span><b class=\"ng-star-inserted\" data-start-index=\"2865\">Relevamiento de Linderos y Existencias:<\/b> <span class=\"ng-star-inserted\" data-start-index=\"2908\">Verificamos las medidas reales de su escritura frente al terreno f\u00edsico. Localizamos construcciones existentes, \u00e1rboles y elementos colindantes para evitar disputas vecinales<\/span><span class=\"ng-star-inserted\" data-start-index=\"3082\">.<\/span><\/div><div class=\"paragraph normal ng-star-inserted\" data-start-index=\"3083\"><span class=\"ng-star-inserted\">\u2022 <\/span><b class=\"ng-star-inserted\" data-start-index=\"3083\">An\u00e1lisis de Sitio y Entorno:<\/b> <span class=\"ng-star-inserted\" data-start-index=\"3115\">Estudiamos la orientaci\u00f3n solar y los vientos predominantes. Esta informaci\u00f3n es crucial para proponer una arquitectura bioclim\u00e1tica eficiente desde la fase de anteproyecto<\/span><span class=\"ng-star-inserted\" data-start-index=\"3287\">.<\/span><\/div><div class=\"paragraph normal ng-star-inserted\" data-start-index=\"3288\"><span class=\"ng-star-inserted\">\u2022 <\/span><b class=\"ng-star-inserted\" data-start-index=\"3288\">Estudios Geot\u00e9cnicos (Suelos):<\/b> <span class=\"ng-star-inserted\" data-start-index=\"3323\">En colaboraci\u00f3n con especialistas como ICIA, S.A. de C.V., coordinamos el an\u00e1lisis de la capacidad portante del suelo para asegurar una cimentaci\u00f3n segura y econ\u00f3mica.<\/span><\/div><div class=\"paragraph normal ng-star-inserted\" data-start-index=\"3490\"><span class=\"ng-star-inserted\">\u2022 <\/span><b class=\"ng-star-inserted\" data-start-index=\"3490\">Factibilidad y Normativa:<\/b> <span class=\"ng-star-inserted\" data-start-index=\"3519\">Analizamos la normativa urban\u00edstica (OPAMSS, Alcald\u00edas) aplicable a su predio para determinar qu\u00e9 se puede construir legalmente antes de invertir en dise\u00f1o<\/span><span class=\"ng-star-inserted\" data-start-index=\"3674\">.<\/span><\/div>\t\t\t\t\t\t\t\t<\/div>\n\t\t\t\t<div class=\"elementor-element elementor-element-64dcba66 elementor-widget elementor-widget-heading\" data-id=\"64dcba66\" data-element_type=\"widget\" data-e-type=\"widget\" data-widget_type=\"heading.default\">\n\t\t\t\t\t<h2 class=\"elementor-heading-title elementor-size-default\">Precision that Guarantees Your Investment<\/h2>\t\t\t\t<\/div>\n\t\t\t\t<div class=\"elementor-element elementor-element-32813495 elementor-widget elementor-widget-text-editor\" data-id=\"32813495\" data-element_type=\"widget\" data-e-type=\"widget\" data-widget_type=\"text-editor.default\">\n\t\t\t\t\t\t\t\t\t<div class=\"paragraph normal ng-star-inserted translation-block\" data-start-index=\"3798\"><span class=\"ng-star-inserted\">Skipping the <\/span><b class=\"ng-star-inserted\">technical studies and surveying<\/b><span class=\"ng-star-inserted\"> stage is the costliest mistake in construction. Our rigorous methodology allows you to anticipate hidden issues and optimize the design to reduce earthwork costs.<\/span><\/div><div class=\"paragraph blockquote ng-star-inserted translation-block\" data-start-index=\"4018\"><b class=\"ng-star-inserted\">Proven Experience:<\/b><span class=\"ng-star-inserted\"> In complex projects such as the <\/span><b class=\"ng-star-inserted\">La Libertad Beach Hostel<\/b><span class=\"ng-star-inserted\"> and <\/span><b class=\"ng-star-inserted\">Casa Tacuba<\/b><span class=\"ng-star-inserted\">, performing detailed preliminary studies allowed us to design safe structures on land with challenging conditions<\/span><span class=\"ng-star-inserted\">.<\/span><\/div>\t\t\t\t\t\t\t\t<\/div>\n\t\t<div class=\"elementor-element elementor-element-6d689a9c e-flex e-con-boxed e-con e-child\" data-id=\"6d689a9c\" data-element_type=\"container\" data-e-type=\"container\">\n\t\t\t\t\t<div class=\"e-con-inner\">\n\t\t\t\t<div class=\"elementor-element elementor-element-3bb87329 elementor-widget elementor-widget-image\" data-id=\"3bb87329\" data-element_type=\"widget\" data-e-type=\"widget\" data-widget_type=\"image.default\">\n\t\t\t\t\t\t\t\t\t\t\t\t\t\t\t<img decoding=\"async\" width=\"1796\" height=\"1306\" src=\"https:\/\/treearch.com\/wp-content\/uploads\/2026\/02\/topografiacomputadora-scaled-e1770415580252.png\" class=\"attachment-full size-full wp-image-310\" alt=\"Plano digital resultante de estudios t\u00e9cnicos y topograf\u00eda para an\u00e1lisis de pendiente\" srcset=\"https:\/\/treearch.com\/wp-content\/uploads\/2026\/02\/topografiacomputadora-scaled-e1770415580252.png 1796w, https:\/\/treearch.com\/wp-content\/uploads\/2026\/02\/topografiacomputadora-scaled-e1770415580252-300x218.png 300w, https:\/\/treearch.com\/wp-content\/uploads\/2026\/02\/topografiacomputadora-scaled-e1770415580252-1024x745.png 1024w, https:\/\/treearch.com\/wp-content\/uploads\/2026\/02\/topografiacomputadora-scaled-e1770415580252-768x558.png 768w, https:\/\/treearch.com\/wp-content\/uploads\/2026\/02\/topografiacomputadora-scaled-e1770415580252-1536x1117.png 1536w\" sizes=\"(max-width: 1796px) 100vw, 1796px\" \/>\t\t\t\t\t\t\t\t\t\t\t\t\t\t\t<\/div>\n\t\t\t\t\t<\/div>\n\t\t\t\t<\/div>\n\t\t\t\t<div class=\"elementor-element elementor-element-3a4f273 elementor-widget elementor-widget-heading\" data-id=\"3a4f273\" data-element_type=\"widget\" data-e-type=\"widget\" data-widget_type=\"heading.default\">\n\t\t\t\t\t<h2 class=\"elementor-heading-title elementor-size-default\">Understand Your Site's Reality<\/h2>\t\t\t\t<\/div>\n\t\t\t\t<div class=\"elementor-element elementor-element-4a2aaf82 elementor-widget elementor-widget-text-editor\" data-id=\"4a2aaf82\" data-element_type=\"widget\" data-e-type=\"widget\" data-widget_type=\"text-editor.default\">\n\t\t\t\t\t\t\t\t\t<p class=\"translation-block\"><span class=\"ng-star-inserted\">Don't build blindly. Trust the experts in <\/span><b class=\"ng-star-inserted\">technical studies and surveying<\/b><span class=\"ng-star-inserted\"> to lay the foundation for your project's success.<\/span><\/p>\t\t\t\t\t\t\t\t<\/div>\n\t\t\t\t<div class=\"elementor-element elementor-element-0ee594e elementor-button-info elementor-align-center elementor-widget elementor-widget-button\" data-id=\"0ee594e\" data-element_type=\"widget\" data-e-type=\"widget\" data-widget_type=\"button.default\">\n\t\t\t\t\t\t\t\t\t\t<a class=\"elementor-button elementor-button-link elementor-size-sm\" href=\"https:\/\/wa.me\/50379890779?text=Hola,%20necesito%20cotizar%20Estudios%20T\u00e9cnicos%20y%20Topograf\u00eda\" target=\"_blank\" rel=\"noopener\">\n\t\t\t\t\t\t<span class=\"elementor-button-content-wrapper\">\n\t\t\t\t\t\t\t\t\t<span class=\"elementor-button-text\">Get a Quote for a Planialtimetric Survey<\/span>\n\t\t\t\t\t<\/span>\n\t\t\t\t\t<\/a>\n\t\t\t\t\t\t\t\t<\/div>\n\t\t\t\t<\/div>\n\t\t\t\t\t<\/div>\n\t\t\t\t<\/div>\n\t\t\t\t<\/div>","protected":false},"excerpt":{"rendered":"<p>Nuestros Servicios Cont\u00e1ctenos hoy para su servicio de estudios topogr\u00e1ficos WhatsApp Estudios t\u00e9cnicos y topograf\u00eda en El Salvador \u00a0La base de cualquier construcci\u00f3n segura comienza con unos estudios t\u00e9cnicos y topograf\u00eda precisos. En Tree Architecture, antes de trazar la primera l\u00ednea de dise\u00f1o, analizamos la realidad f\u00edsica de su terreno. Nuestros levantamientos garantizan que su [&hellip;]<\/p>\n","protected":false},"author":1,"featured_media":0,"parent":0,"menu_order":0,"comment_status":"closed","ping_status":"closed","template":"elementor_header_footer","meta":{"footnotes":""},"class_list":["post-153","page","type-page","status-publish","hentry"],"_hostinger_reach_plugin_has_subscription_block":false,"_hostinger_reach_plugin_is_elementor":false,"_links":{"self":[{"href":"https:\/\/treearch.com\/en\/wp-json\/wp\/v2\/pages\/153","targetHints":{"allow":["GET"]}}],"collection":[{"href":"https:\/\/treearch.com\/en\/wp-json\/wp\/v2\/pages"}],"about":[{"href":"https:\/\/treearch.com\/en\/wp-json\/wp\/v2\/types\/page"}],"author":[{"embeddable":true,"href":"https:\/\/treearch.com\/en\/wp-json\/wp\/v2\/users\/1"}],"replies":[{"embeddable":true,"href":"https:\/\/treearch.com\/en\/wp-json\/wp\/v2\/comments?post=153"}],"version-history":[{"count":40,"href":"https:\/\/treearch.com\/en\/wp-json\/wp\/v2\/pages\/153\/revisions"}],"predecessor-version":[{"id":1660,"href":"https:\/\/treearch.com\/en\/wp-json\/wp\/v2\/pages\/153\/revisions\/1660"}],"wp:attachment":[{"href":"https:\/\/treearch.com\/en\/wp-json\/wp\/v2\/media?parent=153"}],"curies":[{"name":"wp","href":"https:\/\/api.w.org\/{rel}","templated":true}]}}