{"id":155,"date":"2026-01-30T22:08:53","date_gmt":"2026-01-30T22:08:53","guid":{"rendered":"https:\/\/treearch.com\/?page_id=155"},"modified":"2026-03-16T21:04:25","modified_gmt":"2026-03-16T21:04:25","slug":"paisajismo-y-espacios-exteriores","status":"publish","type":"page","link":"https:\/\/treearch.com\/en\/paisajismo-y-espacios-exteriores\/","title":{"rendered":"Paisajismo y Espacios Exteriores"},"content":{"rendered":"<div data-elementor-type=\"wp-page\" data-elementor-id=\"155\" class=\"elementor elementor-155\" data-elementor-post-type=\"page\">\n\t\t\t\t<div class=\"elementor-element elementor-element-6cabe7af e-flex e-con-boxed e-con e-parent\" data-id=\"6cabe7af\" data-element_type=\"container\" data-e-type=\"container\">\n\t\t\t\t\t<div class=\"e-con-inner\">\n\t\t<div class=\"elementor-element elementor-element-1307391 e-con-full e-flex e-con e-child\" data-id=\"1307391\" data-element_type=\"container\" data-e-type=\"container\">\n\t\t<div class=\"elementor-element elementor-element-4f38553d e-flex e-con-boxed e-con e-child\" data-id=\"4f38553d\" data-element_type=\"container\" data-e-type=\"container\">\n\t\t\t\t\t<div class=\"e-con-inner\">\n\t\t\t\t<div class=\"elementor-element elementor-element-388fd12f elementor-widget__width-initial elementor-widget-divider--view-line elementor-widget elementor-widget-divider\" data-id=\"388fd12f\" data-element_type=\"widget\" data-e-type=\"widget\" data-widget_type=\"divider.default\">\n\t\t\t\t\t\t\t<div class=\"elementor-divider\">\n\t\t\t<span class=\"elementor-divider-separator\">\n\t\t\t\t\t\t<\/span>\n\t\t<\/div>\n\t\t\t\t\t\t<\/div>\n\t\t\t\t<div class=\"elementor-element elementor-element-73168bc5 elementor-widget-divider--view-line elementor-widget elementor-widget-divider\" data-id=\"73168bc5\" data-element_type=\"widget\" data-e-type=\"widget\" data-widget_type=\"divider.default\">\n\t\t\t\t\t\t\t<div class=\"elementor-divider\">\n\t\t\t<span class=\"elementor-divider-separator\">\n\t\t\t\t\t\t<\/span>\n\t\t<\/div>\n\t\t\t\t\t\t<\/div>\n\t\t\t\t\t<\/div>\n\t\t\t\t<\/div>\n\t\t\t\t<div class=\"elementor-element elementor-element-70b14d04 elementor-widget elementor-widget-heading\" data-id=\"70b14d04\" data-element_type=\"widget\" data-e-type=\"widget\" data-widget_type=\"heading.default\">\n\t\t\t\t\t<h2 class=\"elementor-heading-title elementor-size-default\">Nuestros servicios<\/h2>\t\t\t\t<\/div>\n\t\t<div class=\"elementor-element elementor-element-5dd166b4 e-flex e-con-boxed e-con e-child\" data-id=\"5dd166b4\" data-element_type=\"container\" data-e-type=\"container\">\n\t\t\t\t\t<div class=\"e-con-inner\">\n\t\t\t\t<div class=\"elementor-element elementor-element-1279226 elementor-widget__width-initial elementor-widget-divider--view-line elementor-widget elementor-widget-divider\" data-id=\"1279226\" data-element_type=\"widget\" data-e-type=\"widget\" data-widget_type=\"divider.default\">\n\t\t\t\t\t\t\t<div class=\"elementor-divider\">\n\t\t\t<span class=\"elementor-divider-separator\">\n\t\t\t\t\t\t<\/span>\n\t\t<\/div>\n\t\t\t\t\t\t<\/div>\n\t\t\t\t<div class=\"elementor-element elementor-element-3b7e9a8b elementor-widget-divider--view-line elementor-widget elementor-widget-divider\" data-id=\"3b7e9a8b\" data-element_type=\"widget\" data-e-type=\"widget\" data-widget_type=\"divider.default\">\n\t\t\t\t\t\t\t<div class=\"elementor-divider\">\n\t\t\t<span class=\"elementor-divider-separator\">\n\t\t\t\t\t\t<\/span>\n\t\t<\/div>\n\t\t\t\t\t\t<\/div>\n\t\t\t\t\t<\/div>\n\t\t\t\t<\/div>\n\t\t<div class=\"elementor-element elementor-element-5e53aa91 e-flex e-con-boxed e-con e-child\" data-id=\"5e53aa91\" data-element_type=\"container\" data-e-type=\"container\">\n\t\t\t\t\t<div class=\"e-con-inner\">\n\t\t\t\t<div class=\"elementor-element elementor-element-602ff18 elementor-nav-menu__align-start elementor-nav-menu--dropdown-tablet elementor-nav-menu__text-align-aside elementor-nav-menu--toggle elementor-nav-menu--burger elementor-widget elementor-widget-nav-menu\" data-id=\"602ff18\" data-element_type=\"widget\" data-e-type=\"widget\" data-settings=\"{&quot;layout&quot;:&quot;vertical&quot;,&quot;submenu_icon&quot;:{&quot;value&quot;:&quot;&lt;svg aria-hidden=\\&quot;true\\&quot; class=\\&quot;e-font-icon-svg e-fas-caret-down\\&quot; viewBox=\\&quot;0 0 320 512\\&quot; xmlns=\\&quot;http:\\\/\\\/www.w3.org\\\/2000\\\/svg\\&quot;&gt;&lt;path d=\\&quot;M31.3 192h257.3c17.8 0 26.7 21.5 14.1 34.1L174.1 354.8c-7.8 7.8-20.5 7.8-28.3 0L17.2 226.1C4.6 213.5 13.5 192 31.3 192z\\&quot;&gt;&lt;\\\/path&gt;&lt;\\\/svg&gt;&quot;,&quot;library&quot;:&quot;fa-solid&quot;},&quot;toggle&quot;:&quot;burger&quot;}\" data-widget_type=\"nav-menu.default\">\n\t\t\t\t\t\t\t\t<nav aria-label=\"Menu\" class=\"elementor-nav-menu--main elementor-nav-menu__container elementor-nav-menu--layout-vertical e--pointer-underline e--animation-fade\">\n\t\t\t\t<ul id=\"menu-1-602ff18\" class=\"elementor-nav-menu sm-vertical\"><li class=\"menu-item menu-item-type-post_type menu-item-object-page menu-item-847\"><a href=\"https:\/\/treearch.com\/en\/diseno-arquitectonico-y-anteproyectos-el-salvador\/\" class=\"elementor-item\">Architectural Design and Schematic Design<\/a><\/li>\n<li class=\"menu-item menu-item-type-post_type menu-item-object-page menu-item-850\"><a href=\"https:\/\/treearch.com\/en\/servicios-gestion-permisos-tramites\/\" class=\"elementor-item\">Permits and Regulatory Compliance<\/a><\/li>\n<li class=\"menu-item menu-item-type-post_type menu-item-object-page menu-item-849\"><a href=\"https:\/\/treearch.com\/en\/estudios-tecnicos-y-topografia\/\" class=\"elementor-item\">Technical Studies and Topography<\/a><\/li>\n<li class=\"menu-item menu-item-type-post_type menu-item-object-page menu-item-846\"><a href=\"https:\/\/treearch.com\/en\/supervision-de-obras-en-el-salvador\/\" class=\"elementor-item\">Project Direction and Construction Oversight<\/a><\/li>\n<li class=\"menu-item menu-item-type-post_type menu-item-object-page menu-item-848\"><a href=\"https:\/\/treearch.com\/en\/diseno-de-interiores-y-remodelaciones\/\" class=\"elementor-item\">Interior Design and Renovations<\/a><\/li>\n<\/ul>\t\t\t<\/nav>\n\t\t\t\t\t<div class=\"elementor-menu-toggle\" role=\"button\" tabindex=\"0\" aria-label=\"Menu Toggle\" aria-expanded=\"false\">\n\t\t\t<svg aria-hidden=\"true\" role=\"presentation\" class=\"elementor-menu-toggle__icon--open e-font-icon-svg e-eicon-menu-bar\" viewbox=\"0 0 1000 1000\" xmlns=\"http:\/\/www.w3.org\/2000\/svg\"><path d=\"M104 333H896C929 333 958 304 958 271S929 208 896 208H104C71 208 42 237 42 271S71 333 104 333ZM104 583H896C929 583 958 554 958 521S929 458 896 458H104C71 458 42 487 42 521S71 583 104 583ZM104 833H896C929 833 958 804 958 771S929 708 896 708H104C71 708 42 737 42 771S71 833 104 833Z\"><\/path><\/svg><svg aria-hidden=\"true\" role=\"presentation\" class=\"elementor-menu-toggle__icon--close e-font-icon-svg e-eicon-close\" viewbox=\"0 0 1000 1000\" xmlns=\"http:\/\/www.w3.org\/2000\/svg\"><path d=\"M742 167L500 408 258 167C246 154 233 150 217 150 196 150 179 158 167 167 154 179 150 196 150 212 150 229 154 242 171 254L408 500 167 742C138 771 138 800 167 829 196 858 225 858 254 829L496 587 738 829C750 842 767 846 783 846 800 846 817 842 829 829 842 817 846 804 846 783 846 767 842 750 829 737L588 500 833 258C863 229 863 200 833 171 804 137 775 137 742 167Z\"><\/path><\/svg>\t\t<\/div>\n\t\t\t\t\t<nav class=\"elementor-nav-menu--dropdown elementor-nav-menu__container\" aria-hidden=\"true\">\n\t\t\t\t<ul id=\"menu-2-602ff18\" class=\"elementor-nav-menu sm-vertical\"><li class=\"menu-item menu-item-type-post_type menu-item-object-page menu-item-847\"><a href=\"https:\/\/treearch.com\/en\/diseno-arquitectonico-y-anteproyectos-el-salvador\/\" class=\"elementor-item\" tabindex=\"-1\">Architectural Design and Schematic Design<\/a><\/li>\n<li class=\"menu-item menu-item-type-post_type menu-item-object-page menu-item-850\"><a href=\"https:\/\/treearch.com\/en\/servicios-gestion-permisos-tramites\/\" class=\"elementor-item\" tabindex=\"-1\">Permits and Regulatory Compliance<\/a><\/li>\n<li class=\"menu-item menu-item-type-post_type menu-item-object-page menu-item-849\"><a href=\"https:\/\/treearch.com\/en\/estudios-tecnicos-y-topografia\/\" class=\"elementor-item\" tabindex=\"-1\">Technical Studies and Topography<\/a><\/li>\n<li class=\"menu-item menu-item-type-post_type menu-item-object-page menu-item-846\"><a href=\"https:\/\/treearch.com\/en\/supervision-de-obras-en-el-salvador\/\" class=\"elementor-item\" tabindex=\"-1\">Project Direction and Construction Oversight<\/a><\/li>\n<li class=\"menu-item menu-item-type-post_type menu-item-object-page menu-item-848\"><a href=\"https:\/\/treearch.com\/en\/diseno-de-interiores-y-remodelaciones\/\" class=\"elementor-item\" tabindex=\"-1\">Interior Design and Renovations<\/a><\/li>\n<\/ul>\t\t\t<\/nav>\n\t\t\t\t\t\t<\/div>\n\t\t\t\t\t<\/div>\n\t\t\t\t<\/div>\n\t\t<div class=\"elementor-element elementor-element-64cb3eb4 e-flex e-con-boxed e-con e-child\" data-id=\"64cb3eb4\" data-element_type=\"container\" data-e-type=\"container\" data-settings=\"{&quot;background_background&quot;:&quot;classic&quot;}\">\n\t\t\t\t\t<div class=\"e-con-inner\">\n\t\t\t\t<div class=\"elementor-element elementor-element-3be2e711 elementor-widget__width-initial elementor-widget elementor-widget-heading\" data-id=\"3be2e711\" data-element_type=\"widget\" data-e-type=\"widget\" data-widget_type=\"heading.default\">\n\t\t\t\t\t<h2 class=\"elementor-heading-title elementor-size-default\">Cont\u00e1ctenos hoy para su servicio de dise\u00f1o de jardines.<\/h2>\t\t\t\t<\/div>\n\t\t\t\t<div class=\"elementor-element elementor-element-20e78d3 elementor-widget elementor-widget-button\" data-id=\"20e78d3\" data-element_type=\"widget\" data-e-type=\"widget\" data-widget_type=\"button.default\">\n\t\t\t\t\t\t\t\t\t\t<a class=\"elementor-button elementor-button-link elementor-size-sm\" href=\"https:\/\/wa.me\/50379890779?text=Hola,%20me%20interesa%20cotizar%20un%20dise\u00f1o%20de%20Paisajismo%20y%20Exteriores\" target=\"_blank\" rel=\"noopener\">\n\t\t\t\t\t\t<span class=\"elementor-button-content-wrapper\">\n\t\t\t\t\t\t\t\t\t<span class=\"elementor-button-text\">WhatsApp<\/span>\n\t\t\t\t\t<\/span>\n\t\t\t\t\t<\/a>\n\t\t\t\t\t\t\t\t<\/div>\n\t\t\t\t\t<\/div>\n\t\t\t\t<\/div>\n\t\t\t\t<\/div>\n\t\t<div class=\"elementor-element elementor-element-79c99868 e-con-full e-flex e-con e-child\" data-id=\"79c99868\" data-element_type=\"container\" data-e-type=\"container\">\n\t\t\t\t<div class=\"elementor-element elementor-element-69ed680f elementor-widget-mobile__width-initial elementor-widget__width-initial elementor-widget elementor-widget-heading\" data-id=\"69ed680f\" data-element_type=\"widget\" data-e-type=\"widget\" data-widget_type=\"heading.default\">\n\t\t\t\t\t<h2 class=\"elementor-heading-title elementor-size-default\">Paisajismo y espacios exteriores en El Salvador <\/h2>\t\t\t\t<\/div>\n\t\t\t\t<div class=\"elementor-element elementor-element-67a07d8a elementor-widget elementor-widget-text-editor\" data-id=\"67a07d8a\" data-element_type=\"widget\" data-e-type=\"widget\" data-widget_type=\"text-editor.default\">\n\t\t\t\t\t\t\t\t\t<p><span class=\"ng-star-inserted\" data-start-index=\"1679\">El <\/span><b class=\"ng-star-inserted\" data-start-index=\"1682\">Landscape Design and Exterior Spaces<\/b><span class=\"ng-star-inserted\" data-start-index=\"1714\"> son el alma que conecta su edificaci\u00f3n con el entorno natural. En <\/span><b class=\"ng-star-inserted\" data-start-index=\"1781\">Tree Architecture<\/b><span class=\"ng-star-inserted\" data-start-index=\"1798\">, no vemos el jard\u00edn como un elemento decorativo aislado, sino como una extensi\u00f3n vital de la arquitectura. Nuestro objetivo es crear atm\u00f3sferas vivas que mejoren el microclima, aporten privacidad y generen un refugio de bienestar para los usuarios.<\/span><\/p>\t\t\t\t\t\t\t\t<\/div>\n\t\t\t\t<div class=\"elementor-element elementor-element-7b739555 elementor-widget elementor-widget-image\" data-id=\"7b739555\" data-element_type=\"widget\" data-e-type=\"widget\" data-widget_type=\"image.default\">\n\t\t\t\t\t\t\t\t\t\t\t\t\t\t\t<img fetchpriority=\"high\" decoding=\"async\" width=\"2296\" height=\"1024\" src=\"https:\/\/treearch.com\/wp-content\/uploads\/2026\/02\/1768257949425_6428cdfb-5dc9-47c5-9afe-15190483d04d_redraw_ia_image_00055_-1.png\" class=\"attachment-full size-full wp-image-303\" alt=\"Dise\u00f1o de paisajismo y espacios exteriores con deck y vegetaci\u00f3n en El Salvador\" srcset=\"https:\/\/treearch.com\/wp-content\/uploads\/2026\/02\/1768257949425_6428cdfb-5dc9-47c5-9afe-15190483d04d_redraw_ia_image_00055_-1.png 2296w, https:\/\/treearch.com\/wp-content\/uploads\/2026\/02\/1768257949425_6428cdfb-5dc9-47c5-9afe-15190483d04d_redraw_ia_image_00055_-1-300x134.png 300w, https:\/\/treearch.com\/wp-content\/uploads\/2026\/02\/1768257949425_6428cdfb-5dc9-47c5-9afe-15190483d04d_redraw_ia_image_00055_-1-1024x457.png 1024w, https:\/\/treearch.com\/wp-content\/uploads\/2026\/02\/1768257949425_6428cdfb-5dc9-47c5-9afe-15190483d04d_redraw_ia_image_00055_-1-768x343.png 768w, https:\/\/treearch.com\/wp-content\/uploads\/2026\/02\/1768257949425_6428cdfb-5dc9-47c5-9afe-15190483d04d_redraw_ia_image_00055_-1-1536x685.png 1536w, https:\/\/treearch.com\/wp-content\/uploads\/2026\/02\/1768257949425_6428cdfb-5dc9-47c5-9afe-15190483d04d_redraw_ia_image_00055_-1-2048x913.png 2048w\" sizes=\"(max-width: 2296px) 100vw, 2296px\" \/>\t\t\t\t\t\t\t\t\t\t\t\t\t\t\t<\/div>\n\t\t\t\t<div class=\"elementor-element elementor-element-5a4835a4 elementor-widget elementor-widget-heading\" data-id=\"5a4835a4\" data-element_type=\"widget\" data-e-type=\"widget\" data-widget_type=\"heading.default\">\n\t\t\t\t\t<h2 class=\"elementor-heading-title elementor-size-default\">Servicios de dise\u00f1o de jardines y \u00e1reas verdes<\/h2>\t\t\t\t<\/div>\n\t\t\t\t<div class=\"elementor-element elementor-element-1415a298 elementor-widget__width-initial elementor-widget elementor-widget-text-editor\" data-id=\"1415a298\" data-element_type=\"widget\" data-e-type=\"widget\" data-widget_type=\"text-editor.default\">\n\t\t\t\t\t\t\t\t\t<div class=\"paragraph normal ng-star-inserted\" data-start-index=\"2532\"><p><span class=\"ng-star-inserted\" data-start-index=\"2532\">Nuestra propuesta de <\/span><b class=\"ng-star-inserted\" data-start-index=\"2553\">Landscape Design and Exterior Spaces<\/b><span class=\"ng-star-inserted\" data-start-index=\"2585\"> abarca desde la selecci\u00f3n bot\u00e1nica hasta la infraestructura t\u00e9cnica, garantizando sostenibilidad y belleza duradera:<\/span><\/p><p>\u00a0<\/p><\/div><div class=\"paragraph normal ng-star-inserted\" data-start-index=\"2702\"><span class=\"ng-star-inserted\">\u2022 <\/span><b class=\"ng-star-inserted\" data-start-index=\"2702\">\u00a0Dise\u00f1o de Jardines y \u00c1reas Verdes:<\/b> <span class=\"ng-star-inserted\" data-start-index=\"2740\">Seleccionamos especies vegetales adaptadas al clima local para asegurar un bajo mantenimiento y una est\u00e9tica vibrante todo el a\u00f1o. Buscamos la <\/span><b class=\"ng-star-inserted\" data-start-index=\"2883\">integraci\u00f3n arm\u00f3nica entre arquitectura y paisaje<\/b><span class=\"ng-star-inserted\" data-start-index=\"2932\">.<\/span><\/div><div class=\"paragraph normal ng-star-inserted\" data-start-index=\"2933\"><span class=\"ng-star-inserted\">\u2022 <\/span><b class=\"ng-star-inserted\" data-start-index=\"2933\">\u00a0Proyecto de Riego e Iluminaci\u00f3n Exterior:<\/b> <span class=\"ng-star-inserted\" data-start-index=\"2978\">La tecnolog\u00eda es clave para la supervivencia del jard\u00edn. Dise\u00f1amos sistemas de riego eficientes y esquemas de iluminaci\u00f3n que transforman su espacio al caer la noche, resaltando texturas y senderos.<\/span><\/div><div class=\"paragraph normal ng-star-inserted\" data-start-index=\"3176\"><span class=\"ng-star-inserted\">\u2022 <\/span><b class=\"ng-star-inserted\" data-start-index=\"3176\">\u00a0Dise\u00f1o de Terrazas y Decks (Hardscape):<\/b> <span class=\"ng-star-inserted\" data-start-index=\"3219\">Creamos zonas de estancia funcionales. Integramos elementos construidos como decks de WPC, p\u00e9rgolas y zonas de fogata (fire pits), dise\u00f1ados para la convivencia social al aire libre.<\/span><\/div><div class=\"paragraph normal ng-star-inserted\" data-start-index=\"3401\"><span class=\"ng-star-inserted\">\u2022 <\/span><b class=\"ng-star-inserted\" data-start-index=\"3401\">\u00a0Transici\u00f3n Interior-Exterior:<\/b> <span class=\"ng-star-inserted\" data-start-index=\"3434\">Utilizamos la vegetaci\u00f3n para suavizar los l\u00edmites de la construcci\u00f3n, logrando que el jard\u00edn se sienta como una habitaci\u00f3n m\u00e1s de la casa<\/span><\/div>\t\t\t\t\t\t\t\t<\/div>\n\t\t\t\t<div class=\"elementor-element elementor-element-aaad3fa elementor-widget elementor-widget-heading\" data-id=\"aaad3fa\" data-element_type=\"widget\" data-e-type=\"widget\" data-widget_type=\"heading.default\">\n\t\t\t\t\t<h2 class=\"elementor-heading-title elementor-size-default\"> Experiencia en transformaci\u00f3n del paisaje<\/h2>\t\t\t\t<\/div>\n\t\t\t\t<div class=\"elementor-element elementor-element-3401b5f3 elementor-widget elementor-widget-text-editor\" data-id=\"3401b5f3\" data-element_type=\"widget\" data-e-type=\"widget\" data-widget_type=\"text-editor.default\">\n\t\t\t\t\t\t\t\t\t<div class=\"paragraph normal ng-star-inserted\" data-start-index=\"3701\"><span class=\"ng-star-inserted\" data-start-index=\"3701\">Nuestra experiencia en <\/span><b class=\"ng-star-inserted\" data-start-index=\"3724\">Landscape Design and Exterior Spaces<\/b><span class=\"ng-star-inserted\" data-start-index=\"3756\"> demuestra c\u00f3mo una intervenci\u00f3n estrat\u00e9gica puede revalorizar una propiedad:<br \/><br \/><\/span><\/div><div class=\"paragraph blockquote ng-star-inserted\" data-start-index=\"3833\"><b class=\"ng-star-inserted\" data-start-index=\"3833\">Caso de \u00c9xito: Terraza Santa Rosa<\/b> <span class=\"ng-star-inserted\" data-start-index=\"3867\">En este proyecto residencial en Santa Tecla, transformamos un patio tradicional mediante la integraci\u00f3n de un deck WPC y una <\/span><b class=\"ng-star-inserted\" data-start-index=\"3992\">fogata tipo bowl<\/b><span class=\"ng-star-inserted\" data-start-index=\"4008\">. La intervenci\u00f3n no solo mejor\u00f3 la est\u00e9tica, sino que cre\u00f3 un nuevo punto de reuni\u00f3n familiar rodeado de naturaleza.<\/span><\/div>\t\t\t\t\t\t\t\t<\/div>\n\t\t\t\t<div class=\"elementor-element elementor-element-da70b5c elementor-widget elementor-widget-image\" data-id=\"da70b5c\" data-element_type=\"widget\" data-e-type=\"widget\" data-widget_type=\"image.default\">\n\t\t\t\t\t\t\t\t\t\t\t\t\t\t\t<img decoding=\"async\" width=\"800\" height=\"402\" src=\"https:\/\/treearch.com\/wp-content\/uploads\/2026\/02\/1767981756878_6428cdfb-5dc9-47c5-9afe-15190483d04d_Redraw_00018_-scaled-e1770401477387-1024x514.png\" class=\"attachment-large size-large wp-image-297\" alt=\"Dise\u00f1o de sala moderna con muebles a medida y decoraci\u00f3n en apartamento Santa Tecla.\" srcset=\"https:\/\/treearch.com\/wp-content\/uploads\/2026\/02\/1767981756878_6428cdfb-5dc9-47c5-9afe-15190483d04d_Redraw_00018_-scaled-e1770401477387-1024x514.png 1024w, https:\/\/treearch.com\/wp-content\/uploads\/2026\/02\/1767981756878_6428cdfb-5dc9-47c5-9afe-15190483d04d_Redraw_00018_-scaled-e1770401477387-300x151.png 300w, https:\/\/treearch.com\/wp-content\/uploads\/2026\/02\/1767981756878_6428cdfb-5dc9-47c5-9afe-15190483d04d_Redraw_00018_-scaled-e1770401477387-768x386.png 768w, https:\/\/treearch.com\/wp-content\/uploads\/2026\/02\/1767981756878_6428cdfb-5dc9-47c5-9afe-15190483d04d_Redraw_00018_-scaled-e1770401477387-1536x771.png 1536w, https:\/\/treearch.com\/wp-content\/uploads\/2026\/02\/1767981756878_6428cdfb-5dc9-47c5-9afe-15190483d04d_Redraw_00018_-scaled-e1770401477387-2048x1029.png 2048w\" sizes=\"(max-width: 800px) 100vw, 800px\" \/>\t\t\t\t\t\t\t\t\t\t\t\t\t\t\t<\/div>\n\t\t<div class=\"elementor-element elementor-element-4961a8 e-flex e-con-boxed e-con e-child\" data-id=\"4961a8\" data-element_type=\"container\" data-e-type=\"container\">\n\t\t\t\t\t<div class=\"e-con-inner\">\n\t\t\t\t<div class=\"elementor-element elementor-element-7148c1f7 elementor-widget elementor-widget-text-editor\" data-id=\"7148c1f7\" data-element_type=\"widget\" data-e-type=\"widget\" data-widget_type=\"text-editor.default\">\n\t\t\t\t\t\t\t\t\t<p><b class=\"ng-star-inserted\" data-start-index=\"4125\">Caso de \u00c9xito: Hotel Wyndham Garden San Blas<\/b> <span class=\"ng-star-inserted\" data-start-index=\"4170\">Para este proyecto costero, la zona de piscina se concibi\u00f3 como un oasis. El dise\u00f1o de paisaje se utiliz\u00f3 para generar privacidad y frescura, reforzando la experiencia de relajaci\u00f3n frente al mar.<\/span><\/p>\t\t\t\t\t\t\t\t<\/div>\n\t\t\t\t<div class=\"elementor-element elementor-element-a6e35f0 elementor-widget elementor-widget-image\" data-id=\"a6e35f0\" data-element_type=\"widget\" data-e-type=\"widget\" data-widget_type=\"image.default\">\n\t\t\t\t\t\t\t\t\t\t\t\t\t\t\t<img decoding=\"async\" width=\"800\" height=\"343\" src=\"https:\/\/treearch.com\/wp-content\/uploads\/2026\/02\/1753732335351_6428cdfb-5dc9-47c5-9afe-15190483d04d_Redraw_00049_-1024x439.png\" class=\"attachment-large size-large wp-image-322\" alt=\"\" srcset=\"https:\/\/treearch.com\/wp-content\/uploads\/2026\/02\/1753732335351_6428cdfb-5dc9-47c5-9afe-15190483d04d_Redraw_00049_-1024x439.png 1024w, https:\/\/treearch.com\/wp-content\/uploads\/2026\/02\/1753732335351_6428cdfb-5dc9-47c5-9afe-15190483d04d_Redraw_00049_-300x129.png 300w, https:\/\/treearch.com\/wp-content\/uploads\/2026\/02\/1753732335351_6428cdfb-5dc9-47c5-9afe-15190483d04d_Redraw_00049_-768x329.png 768w, https:\/\/treearch.com\/wp-content\/uploads\/2026\/02\/1753732335351_6428cdfb-5dc9-47c5-9afe-15190483d04d_Redraw_00049_-1536x659.png 1536w, https:\/\/treearch.com\/wp-content\/uploads\/2026\/02\/1753732335351_6428cdfb-5dc9-47c5-9afe-15190483d04d_Redraw_00049_-2048x879.png 2048w\" sizes=\"(max-width: 800px) 100vw, 800px\" \/>\t\t\t\t\t\t\t\t\t\t\t\t\t\t\t<\/div>\n\t\t\t\t\t<\/div>\n\t\t\t\t<\/div>\n\t\t\t\t<div class=\"elementor-element elementor-element-45913ae3 elementor-widget elementor-widget-heading\" data-id=\"45913ae3\" data-element_type=\"widget\" data-e-type=\"widget\" data-widget_type=\"heading.default\">\n\t\t\t\t\t<h2 class=\"elementor-heading-title elementor-size-default\">Conecte con la naturaleza hoy<\/h2>\t\t\t\t<\/div>\n\t\t\t\t<div class=\"elementor-element elementor-element-57d4010f elementor-widget elementor-widget-text-editor\" data-id=\"57d4010f\" data-element_type=\"widget\" data-e-type=\"widget\" data-widget_type=\"text-editor.default\">\n\t\t\t\t\t\t\t\t\t<p><span class=\"ng-star-inserted\" data-start-index=\"4815\">No deje que su terreno sea solo un espacio vac\u00edo. Perm\u00edtanos convertirlo en un ecosistema vivo con nuestros servicios especializados en <\/span><b class=\"ng-star-inserted\" data-start-index=\"4951\">Landscape Design and Exterior Spaces<\/b><span class=\"ng-star-inserted\" data-start-index=\"4983\">.<\/span><\/p>\t\t\t\t\t\t\t\t<\/div>\n\t\t\t\t<div class=\"elementor-element elementor-element-c12dbb6 elementor-widget elementor-widget-button\" data-id=\"c12dbb6\" data-element_type=\"widget\" data-e-type=\"widget\" data-widget_type=\"button.default\">\n\t\t\t\t\t\t\t\t\t\t<a class=\"elementor-button elementor-button-link elementor-size-sm\" href=\"https:\/\/wa.me\/50379890779?text=Hola,%20me%20interesa%20cotizar%20un%20dise\u00f1o%20de%20Paisajismo%20y%20Exteriores\" target=\"_blank\" rel=\"noopener\">\n\t\t\t\t\t\t<span class=\"elementor-button-content-wrapper\">\n\t\t\t\t\t\t\t\t\t<span class=\"elementor-button-text\">Cotizar Dise\u00f1o de Jard\u00edn<\/span>\n\t\t\t\t\t<\/span>\n\t\t\t\t\t<\/a>\n\t\t\t\t\t\t\t\t<\/div>\n\t\t\t\t<\/div>\n\t\t\t\t\t<\/div>\n\t\t\t\t<\/div>\n\t\t<div class=\"elementor-element elementor-element-7a502c4 e-flex e-con-boxed e-con e-parent\" data-id=\"7a502c4\" data-element_type=\"container\" data-e-type=\"container\">\n\t\t\t\t\t<div class=\"e-con-inner\">\n\t\t\t\t\t<\/div>\n\t\t\t\t<\/div>\n\t\t\t\t<\/div>","protected":false},"excerpt":{"rendered":"<p>Nuestros servicios Cont\u00e1ctenos hoy para su servicio de dise\u00f1o de jardines. WhatsApp Paisajismo y espacios exteriores en El Salvador El paisajismo y espacios exteriores son el alma que conecta su edificaci\u00f3n con el entorno natural. En Tree Architecture, no vemos el jard\u00edn como un elemento decorativo aislado, sino como una extensi\u00f3n vital de la arquitectura. [&hellip;]<\/p>\n","protected":false},"author":1,"featured_media":0,"parent":0,"menu_order":0,"comment_status":"closed","ping_status":"closed","template":"elementor_header_footer","meta":{"footnotes":""},"class_list":["post-155","page","type-page","status-publish","hentry"],"_hostinger_reach_plugin_has_subscription_block":false,"_hostinger_reach_plugin_is_elementor":false,"_links":{"self":[{"href":"https:\/\/treearch.com\/en\/wp-json\/wp\/v2\/pages\/155","targetHints":{"allow":["GET"]}}],"collection":[{"href":"https:\/\/treearch.com\/en\/wp-json\/wp\/v2\/pages"}],"about":[{"href":"https:\/\/treearch.com\/en\/wp-json\/wp\/v2\/types\/page"}],"author":[{"embeddable":true,"href":"https:\/\/treearch.com\/en\/wp-json\/wp\/v2\/users\/1"}],"replies":[{"embeddable":true,"href":"https:\/\/treearch.com\/en\/wp-json\/wp\/v2\/comments?post=155"}],"version-history":[{"count":31,"href":"https:\/\/treearch.com\/en\/wp-json\/wp\/v2\/pages\/155\/revisions"}],"predecessor-version":[{"id":1809,"href":"https:\/\/treearch.com\/en\/wp-json\/wp\/v2\/pages\/155\/revisions\/1809"}],"wp:attachment":[{"href":"https:\/\/treearch.com\/en\/wp-json\/wp\/v2\/media?parent=155"}],"curies":[{"name":"wp","href":"https:\/\/api.w.org\/{rel}","templated":true}]}}